{"id":149988,"date":"2026-05-14T18:06:18","date_gmt":"2026-05-14T16:06:18","guid":{"rendered":"https:\/\/www.greekgourmet.ch\/produkte\/unkategorisiert\/domaine-skouras-st-george-pdo-nemea-2024-rot-75cl\/"},"modified":"2026-05-15T14:15:59","modified_gmt":"2026-05-15T12:15:59","slug":"domaine-skouras-st-george-pdo-nemea-2024-rot-75cl","status":"publish","type":"product","link":"https:\/\/www.greekgourmet.ch\/de\/produkte\/wein\/weinwelt\/domaine-skouras-st-george-pdo-nemea-2024-rot-75cl\/","title":{"rendered":"Domaine Skouras St.George PDO NEMEA 2024 rot 75cl"},"content":{"rendered":"<p>G\u00e4rung und Maischung in Edelstahltanks, Reifung in franz\u00f6sischen Barriques f\u00fcr 12 Monate und nochmals 2 Monate in der Flasche. Brombeeren, Maulbeeren, Himbeeren, reife Erdbeeren, eine Prise Anis, Zimt, ein edles Tannin, rund und samtig im Geschmack.<\/p>\n","protected":false},"excerpt":{"rendered":"<p>G\u00e4rung und Maischung in Edelstahltanks, Reifung in franz\u00f6sischen Barriques f\u00fcr 12 Monate und nochmals 2 Monate in der Flasche. Brombeeren, Maulbeeren, Himbeeren, reife Erdbeeren, eine Prise Anis, Zimt, ein edles Tannin, rund und samtig im Geschmack.<\/p>\n","protected":false},"featured_media":149541,"template":"","meta":{"_acf_changed":false},"product_brand":[],"product_cat":[461,466,894],"product_tag":[583],"class_list":{"0":"post-149988","1":"product","2":"type-product","3":"status-publish","4":"has-post-thumbnail","6":"product_cat-weinwelt","7":"product_cat-rotwein","8":"product_cat-wein","9":"product_tag-agiorgitiko","11":"first","12":"instock","13":"taxable","14":"shipping-taxable","15":"purchasable","16":"product-type-variable","17":"has-default-attributes"},"acf":[],"_links":{"self":[{"href":"https:\/\/www.greekgourmet.ch\/de\/wp-json\/wp\/v2\/product\/149988","targetHints":{"allow":["GET"]}}],"collection":[{"href":"https:\/\/www.greekgourmet.ch\/de\/wp-json\/wp\/v2\/product"}],"about":[{"href":"https:\/\/www.greekgourmet.ch\/de\/wp-json\/wp\/v2\/types\/product"}],"wp:featuredmedia":[{"embeddable":true,"href":"https:\/\/www.greekgourmet.ch\/de\/wp-json\/wp\/v2\/media\/149541"}],"wp:attachment":[{"href":"https:\/\/www.greekgourmet.ch\/de\/wp-json\/wp\/v2\/media?parent=149988"}],"wp:term":[{"taxonomy":"product_brand","embeddable":true,"href":"https:\/\/www.greekgourmet.ch\/de\/wp-json\/wp\/v2\/product_brand?post=149988"},{"taxonomy":"product_cat","embeddable":true,"href":"https:\/\/www.greekgourmet.ch\/de\/wp-json\/wp\/v2\/product_cat?post=149988"},{"taxonomy":"product_tag","embeddable":true,"href":"https:\/\/www.greekgourmet.ch\/de\/wp-json\/wp\/v2\/product_tag?post=149988"}],"curies":[{"name":"wp","href":"https:\/\/api.w.org\/{rel}","templated":true}]}}