{"id":149892,"date":"2026-04-30T08:06:28","date_gmt":"2026-04-30T06:06:28","guid":{"rendered":"https:\/\/www.greekgourmet.ch\/produkte\/unkategorisiert\/lazaridi-malagouzia-2025-weiss-12-5-75cl\/"},"modified":"2026-05-01T22:15:59","modified_gmt":"2026-05-01T20:15:59","slug":"lazaridi-malagouzia-2025-weiss-12-5-75cl","status":"publish","type":"product","link":"https:\/\/www.greekgourmet.ch\/de\/produkte\/wein\/weinwelt\/lazaridi-malagouzia-2025-weiss-12-5-75cl\/","title":{"rendered":"Lazaridi Malagouzia 2025 weiss 12.5% 75cl"},"content":{"rendered":"<p>Helle, gelb-gr\u00fcne Farbe.  Intensive, nat\u00fcrliche Ankl\u00e4nge von weissen Bl\u00fcten und wei\u00df-fleischigen Fr\u00fcchten.<\/p>\n","protected":false},"excerpt":{"rendered":"<p>Helle, gelb-gr\u00fcne Farbe. Intensive, nat\u00fcrliche Ankl\u00e4nge von weissen Bl\u00fcten und wei\u00df-fleischigen Fr\u00fcchten.<\/p>\n","protected":false},"featured_media":138736,"template":"","meta":{"_acf_changed":false},"product_brand":[],"product_cat":[461,894,895],"product_tag":[566],"class_list":{"0":"post-149892","1":"product","2":"type-product","3":"status-publish","4":"has-post-thumbnail","6":"product_cat-weinwelt","7":"product_cat-wein","8":"product_cat-weisswein","9":"product_tag-malagousia","11":"first","12":"instock","13":"taxable","14":"shipping-taxable","15":"purchasable","16":"product-type-variable","17":"has-default-attributes"},"acf":[],"_links":{"self":[{"href":"https:\/\/www.greekgourmet.ch\/de\/wp-json\/wp\/v2\/product\/149892","targetHints":{"allow":["GET"]}}],"collection":[{"href":"https:\/\/www.greekgourmet.ch\/de\/wp-json\/wp\/v2\/product"}],"about":[{"href":"https:\/\/www.greekgourmet.ch\/de\/wp-json\/wp\/v2\/types\/product"}],"wp:featuredmedia":[{"embeddable":true,"href":"https:\/\/www.greekgourmet.ch\/de\/wp-json\/wp\/v2\/media\/138736"}],"wp:attachment":[{"href":"https:\/\/www.greekgourmet.ch\/de\/wp-json\/wp\/v2\/media?parent=149892"}],"wp:term":[{"taxonomy":"product_brand","embeddable":true,"href":"https:\/\/www.greekgourmet.ch\/de\/wp-json\/wp\/v2\/product_brand?post=149892"},{"taxonomy":"product_cat","embeddable":true,"href":"https:\/\/www.greekgourmet.ch\/de\/wp-json\/wp\/v2\/product_cat?post=149892"},{"taxonomy":"product_tag","embeddable":true,"href":"https:\/\/www.greekgourmet.ch\/de\/wp-json\/wp\/v2\/product_tag?post=149892"}],"curies":[{"name":"wp","href":"https:\/\/api.w.org\/{rel}","templated":true}]}}