{"id":149880,"date":"2026-04-14T20:06:41","date_gmt":"2026-04-14T18:06:41","guid":{"rendered":"https:\/\/www.greekgourmet.ch\/produkte\/unkategorisiert\/tresors-liastee-getr-baby-tom-1kg\/"},"modified":"2026-04-20T16:17:09","modified_gmt":"2026-04-20T14:17:09","slug":"tresors-liastee-getr-baby-tom-1kg","status":"publish","type":"product","link":"https:\/\/www.greekgourmet.ch\/de\/produkte\/greek-traditional\/eingelegtes-gemuese-nicht-gekuehlt\/tresors-liastee-getr-baby-tom-1kg\/","title":{"rendered":"TRESORS &#8211; LiASTEE getr.baby Tom. 1kg"},"content":{"rendered":"<p>Sorgf\u00e4ltig ausgew\u00e4hlte griechische Tomaten werden von Hand gestreckt und mit Hilfe von Erdw\u00e4rme schonend getrocknet. Diese einzigartige Methode bewahrt ihre zarte Textur, ihren vollen Geschmack, ihr reiches Aroma und ihre ern\u00e4hrungsphysiologischen Vorteile.Die in \u00d6l eingelegten sonnengetrockneten Tomaten von TRESORS haben eine feste Konsistenz und einen knackigen, saftigen Biss. Im Geschmack sind sie aromatisch und leicht s\u00fc\u00df und runden Ihre Vorspeisenplatte vorz\u00fcglich ab. Genie\u00dfen Sie die getrockneten Tomaten pur oder f\u00fcgen Sie diese klein geschnitten Ihren Pasta Saucen oder anderen Gerichten zu.<\/p>\n","protected":false},"excerpt":{"rendered":"<p>Sorgf\u00e4ltig ausgew\u00e4hlte griechische Tomaten werden von Hand gestreckt und mit Hilfe von Erdw\u00e4rme schonend getrocknet. Diese einzigartige Methode bewahrt ihre zarte Textur, ihren vollen Geschmack, ihr reiches Aroma und ihre ern\u00e4hrungsphysiologischen Vorteile.Die in \u00d6l eingelegten sonnengetrockneten Tomaten von TRESORS haben eine feste Konsistenz und einen knackigen, saftigen Biss. Im Geschmack sind sie aromatisch und leicht<\/p>\n","protected":false},"featured_media":139152,"template":"","meta":{"_acf_changed":false},"product_brand":[],"product_cat":[926,69],"product_tag":[],"class_list":{"0":"post-149880","1":"product","2":"type-product","3":"status-publish","4":"has-post-thumbnail","6":"product_cat-greek-traditional","7":"product_cat-eingelegtes-gemuese-nicht-gekuehlt","9":"first","10":"instock","11":"taxable","12":"shipping-taxable","13":"purchasable","14":"product-type-variable","15":"has-default-attributes"},"acf":[],"_links":{"self":[{"href":"https:\/\/www.greekgourmet.ch\/de\/wp-json\/wp\/v2\/product\/149880","targetHints":{"allow":["GET"]}}],"collection":[{"href":"https:\/\/www.greekgourmet.ch\/de\/wp-json\/wp\/v2\/product"}],"about":[{"href":"https:\/\/www.greekgourmet.ch\/de\/wp-json\/wp\/v2\/types\/product"}],"wp:featuredmedia":[{"embeddable":true,"href":"https:\/\/www.greekgourmet.ch\/de\/wp-json\/wp\/v2\/media\/139152"}],"wp:attachment":[{"href":"https:\/\/www.greekgourmet.ch\/de\/wp-json\/wp\/v2\/media?parent=149880"}],"wp:term":[{"taxonomy":"product_brand","embeddable":true,"href":"https:\/\/www.greekgourmet.ch\/de\/wp-json\/wp\/v2\/product_brand?post=149880"},{"taxonomy":"product_cat","embeddable":true,"href":"https:\/\/www.greekgourmet.ch\/de\/wp-json\/wp\/v2\/product_cat?post=149880"},{"taxonomy":"product_tag","embeddable":true,"href":"https:\/\/www.greekgourmet.ch\/de\/wp-json\/wp\/v2\/product_tag?post=149880"}],"curies":[{"name":"wp","href":"https:\/\/api.w.org\/{rel}","templated":true}]}}