{"id":149844,"date":"2026-04-23T18:06:20","date_gmt":"2026-04-23T16:06:20","guid":{"rendered":"https:\/\/www.greekgourmet.ch\/produkte\/unkategorisiert\/dodoni-halloumi-225g\/"},"modified":"2026-04-24T22:15:57","modified_gmt":"2026-04-24T20:15:57","slug":"dodoni-halloumi-225g","status":"publish","type":"product","link":"https:\/\/www.greekgourmet.ch\/de\/produkte\/gekuehltes\/kaese\/dodoni-halloumi-225g\/","title":{"rendered":"Dodoni Halloumi 225g"},"content":{"rendered":"<p>Halloumi wird nach den traditionellen zypriotischen K\u00e4seherstellungsmethoden gem\u00e4\u00df hohen Qualit\u00e4tsstandards in der Fabrik von DODONI in Limassol, Zypern, hergestellt. Mit einem Hauch erfrischender Minze ist es genauso lecker wie gebraten oder gegrillt, da Halloumi durch den hohen Schmelzpunkt eine k\u00f6stliche goldene Kruste bilden kann.<\/p>\n","protected":false},"excerpt":{"rendered":"<p>Halloumi wird nach den traditionellen zypriotischen K\u00e4seherstellungsmethoden gem\u00e4\u00df hohen Qualit\u00e4tsstandards in der Fabrik von DODONI in Limassol, Zypern, hergestellt. Mit einem Hauch erfrischender Minze ist es genauso lecker wie gebraten oder gegrillt, da Halloumi durch den hohen Schmelzpunkt eine k\u00f6stliche goldene Kruste bilden kann.<\/p>\n","protected":false},"featured_media":138334,"template":"","meta":{"_acf_changed":false},"product_brand":[],"product_cat":[913,915],"product_tag":[],"class_list":{"0":"post-149844","1":"product","2":"type-product","3":"status-publish","4":"has-post-thumbnail","6":"product_cat-gekuehltes","7":"product_cat-kaese","9":"first","10":"instock","11":"taxable","12":"shipping-taxable","13":"purchasable","14":"product-type-variable","15":"has-default-attributes"},"acf":[],"_links":{"self":[{"href":"https:\/\/www.greekgourmet.ch\/de\/wp-json\/wp\/v2\/product\/149844","targetHints":{"allow":["GET"]}}],"collection":[{"href":"https:\/\/www.greekgourmet.ch\/de\/wp-json\/wp\/v2\/product"}],"about":[{"href":"https:\/\/www.greekgourmet.ch\/de\/wp-json\/wp\/v2\/types\/product"}],"wp:featuredmedia":[{"embeddable":true,"href":"https:\/\/www.greekgourmet.ch\/de\/wp-json\/wp\/v2\/media\/138334"}],"wp:attachment":[{"href":"https:\/\/www.greekgourmet.ch\/de\/wp-json\/wp\/v2\/media?parent=149844"}],"wp:term":[{"taxonomy":"product_brand","embeddable":true,"href":"https:\/\/www.greekgourmet.ch\/de\/wp-json\/wp\/v2\/product_brand?post=149844"},{"taxonomy":"product_cat","embeddable":true,"href":"https:\/\/www.greekgourmet.ch\/de\/wp-json\/wp\/v2\/product_cat?post=149844"},{"taxonomy":"product_tag","embeddable":true,"href":"https:\/\/www.greekgourmet.ch\/de\/wp-json\/wp\/v2\/product_tag?post=149844"}],"curies":[{"name":"wp","href":"https:\/\/api.w.org\/{rel}","templated":true}]}}