{"id":149821,"date":"2026-04-20T22:06:41","date_gmt":"2026-04-20T20:06:41","guid":{"rendered":"https:\/\/www.greekgourmet.ch\/produkte\/unkategorisiert\/moraitis-trahanas-glikos-suess-500g\/"},"modified":"2026-04-21T10:16:13","modified_gmt":"2026-04-21T08:16:13","slug":"moraitis-trahanas-glikos-suess-500g","status":"publish","type":"product","link":"https:\/\/www.greekgourmet.ch\/de\/produkte\/greek-traditional\/teigwaren-gries\/moraitis-trahanas-glikos-suess-500g\/","title":{"rendered":"Moraitis Trahanas GLIKOS &#8211; S\u00fcss 500g"},"content":{"rendered":"<p>Vergorene und getrocknete Mischung aus Mehl, Joghurt und Gem\u00fcse, die von der persischen K\u00fcche bis zu den K\u00fcchen im Balkan und Ungarn verwendet wird.<\/p>\n","protected":false},"excerpt":{"rendered":"<p>Vergorene und getrocknete Mischung aus Mehl, Joghurt und Gem\u00fcse, die von der persischen K\u00fcche bis zu den K\u00fcchen im Balkan und Ungarn verwendet wird.<\/p>\n","protected":false},"featured_media":138956,"template":"","meta":{"_acf_changed":false},"product_brand":[],"product_cat":[926,928],"product_tag":[],"class_list":{"0":"post-149821","1":"product","2":"type-product","3":"status-publish","4":"has-post-thumbnail","6":"product_cat-greek-traditional","7":"product_cat-teigwaren-gries","9":"first","10":"instock","11":"taxable","12":"shipping-taxable","13":"purchasable","14":"product-type-variable","15":"has-default-attributes"},"acf":[],"_links":{"self":[{"href":"https:\/\/www.greekgourmet.ch\/de\/wp-json\/wp\/v2\/product\/149821","targetHints":{"allow":["GET"]}}],"collection":[{"href":"https:\/\/www.greekgourmet.ch\/de\/wp-json\/wp\/v2\/product"}],"about":[{"href":"https:\/\/www.greekgourmet.ch\/de\/wp-json\/wp\/v2\/types\/product"}],"wp:featuredmedia":[{"embeddable":true,"href":"https:\/\/www.greekgourmet.ch\/de\/wp-json\/wp\/v2\/media\/138956"}],"wp:attachment":[{"href":"https:\/\/www.greekgourmet.ch\/de\/wp-json\/wp\/v2\/media?parent=149821"}],"wp:term":[{"taxonomy":"product_brand","embeddable":true,"href":"https:\/\/www.greekgourmet.ch\/de\/wp-json\/wp\/v2\/product_brand?post=149821"},{"taxonomy":"product_cat","embeddable":true,"href":"https:\/\/www.greekgourmet.ch\/de\/wp-json\/wp\/v2\/product_cat?post=149821"},{"taxonomy":"product_tag","embeddable":true,"href":"https:\/\/www.greekgourmet.ch\/de\/wp-json\/wp\/v2\/product_tag?post=149821"}],"curies":[{"name":"wp","href":"https:\/\/api.w.org\/{rel}","templated":true}]}}