{"id":149819,"date":"2026-03-31T12:06:17","date_gmt":"2026-03-31T10:06:17","guid":{"rendered":"https:\/\/www.greekgourmet.ch\/produkte\/unkategorisiert\/epsa-orangeade-ohne-232ml\/"},"modified":"2026-04-21T16:15:57","modified_gmt":"2026-04-21T14:15:57","slug":"epsa-orangeade-ohne-232ml","status":"publish","type":"product","link":"https:\/\/www.greekgourmet.ch\/de\/produkte\/non-alcoholic\/epsa-orangeade-ohne-232ml\/","title":{"rendered":"EPSA Orangeade OHNE 232ml"},"content":{"rendered":"<p>EPSA Orangenlimonade erfrischt und belebt mit ihrem belebenden Geschmack. Sorgf\u00e4ltig hergestellt aus frischen, saftigen, s\u00fc\u00dfen Orangen, die uns Griechenland mit seinem reichhaltigen Angebot schenkt. Unsere Orangenlimonade enth\u00e4lt keine Farbstoffe. Ihr Aroma und der volle Geschmack stammen aus unserem traditionellen Rezept, das seit Generationen unver\u00e4ndert ist. Ein herrlich erfrischendes Getr\u00e4nk f\u00fcr jede Gelegenheit!<\/p>\n","protected":false},"excerpt":{"rendered":"<p>EPSA Orangenlimonade erfrischt und belebt mit ihrem belebenden Geschmack. Sorgf\u00e4ltig hergestellt aus frischen, saftigen, s\u00fc\u00dfen Orangen, die uns Griechenland mit seinem reichhaltigen Angebot schenkt. Unsere Orangenlimonade enth\u00e4lt keine Farbstoffe. Ihr Aroma und der volle Geschmack stammen aus unserem traditionellen Rezept, das seit Generationen unver\u00e4ndert ist. Ein herrlich erfrischendes Getr\u00e4nk f\u00fcr jede Gelegenheit!<\/p>\n","protected":false},"featured_media":149075,"template":"","meta":{"_acf_changed":false},"product_brand":[],"product_cat":[88],"product_tag":[],"class_list":{"0":"post-149819","1":"product","2":"type-product","3":"status-publish","4":"has-post-thumbnail","6":"product_cat-non-alcoholic","8":"first","9":"instock","10":"taxable","11":"shipping-taxable","12":"purchasable","13":"product-type-variable","14":"has-default-attributes"},"acf":[],"_links":{"self":[{"href":"https:\/\/www.greekgourmet.ch\/de\/wp-json\/wp\/v2\/product\/149819","targetHints":{"allow":["GET"]}}],"collection":[{"href":"https:\/\/www.greekgourmet.ch\/de\/wp-json\/wp\/v2\/product"}],"about":[{"href":"https:\/\/www.greekgourmet.ch\/de\/wp-json\/wp\/v2\/types\/product"}],"wp:featuredmedia":[{"embeddable":true,"href":"https:\/\/www.greekgourmet.ch\/de\/wp-json\/wp\/v2\/media\/149075"}],"wp:attachment":[{"href":"https:\/\/www.greekgourmet.ch\/de\/wp-json\/wp\/v2\/media?parent=149819"}],"wp:term":[{"taxonomy":"product_brand","embeddable":true,"href":"https:\/\/www.greekgourmet.ch\/de\/wp-json\/wp\/v2\/product_brand?post=149819"},{"taxonomy":"product_cat","embeddable":true,"href":"https:\/\/www.greekgourmet.ch\/de\/wp-json\/wp\/v2\/product_cat?post=149819"},{"taxonomy":"product_tag","embeddable":true,"href":"https:\/\/www.greekgourmet.ch\/de\/wp-json\/wp\/v2\/product_tag?post=149819"}],"curies":[{"name":"wp","href":"https:\/\/api.w.org\/{rel}","templated":true}]}}