{"id":149746,"date":"2026-04-23T18:06:16","date_gmt":"2026-04-23T16:06:16","guid":{"rendered":"https:\/\/www.greekgourmet.ch\/produkte\/unkategorisiert\/dodoni-feta-14-9kg-im-saft\/"},"modified":"2026-04-24T22:15:57","modified_gmt":"2026-04-24T20:15:57","slug":"dodoni-feta-14-9kg-im-saft","status":"publish","type":"product","link":"https:\/\/www.greekgourmet.ch\/de\/produkte\/gekuehltes\/kaese\/dodoni-feta-14-9kg-im-saft\/","title":{"rendered":"Dodoni Feta 14.9kg im Saft"},"content":{"rendered":"<p>Die authentische Qualit\u00e4t und der authentische Geschmack von DODONI Feta, einem Produkt der gesch\u00fctzten Ursprungsbezeichnung (P.D.O.), sind in Metalldosen erh\u00e4ltlich.<br \/>\nSie erkennen die Marke \u201eDODONI\u201c leicht an der auf dem K\u00e4se eingepr\u00e4gten Marke des Unternehmens. Auf diese Weise k\u00f6nnen Sie sicher sein, Spitzengeschmack und -qualit\u00e4t zu genie\u00dfen.<\/p>\n","protected":false},"excerpt":{"rendered":"<p>Die authentische Qualit\u00e4t und der authentische Geschmack von DODONI Feta, einem Produkt der gesch\u00fctzten Ursprungsbezeichnung (P.D.O.), sind in Metalldosen erh\u00e4ltlich. Sie erkennen die Marke \u201eDODONI\u201c leicht an der auf dem K\u00e4se eingepr\u00e4gten Marke des Unternehmens. Auf diese Weise k\u00f6nnen Sie sicher sein, Spitzengeschmack und -qualit\u00e4t zu genie\u00dfen.<\/p>\n","protected":false},"featured_media":138310,"template":"","meta":{"_acf_changed":false},"product_brand":[],"product_cat":[913,915],"product_tag":[],"class_list":{"0":"post-149746","1":"product","2":"type-product","3":"status-publish","4":"has-post-thumbnail","6":"product_cat-gekuehltes","7":"product_cat-kaese","9":"first","10":"instock","11":"taxable","12":"shipping-taxable","13":"purchasable","14":"product-type-variable","15":"has-default-attributes"},"acf":[],"_links":{"self":[{"href":"https:\/\/www.greekgourmet.ch\/de\/wp-json\/wp\/v2\/product\/149746","targetHints":{"allow":["GET"]}}],"collection":[{"href":"https:\/\/www.greekgourmet.ch\/de\/wp-json\/wp\/v2\/product"}],"about":[{"href":"https:\/\/www.greekgourmet.ch\/de\/wp-json\/wp\/v2\/types\/product"}],"wp:featuredmedia":[{"embeddable":true,"href":"https:\/\/www.greekgourmet.ch\/de\/wp-json\/wp\/v2\/media\/138310"}],"wp:attachment":[{"href":"https:\/\/www.greekgourmet.ch\/de\/wp-json\/wp\/v2\/media?parent=149746"}],"wp:term":[{"taxonomy":"product_brand","embeddable":true,"href":"https:\/\/www.greekgourmet.ch\/de\/wp-json\/wp\/v2\/product_brand?post=149746"},{"taxonomy":"product_cat","embeddable":true,"href":"https:\/\/www.greekgourmet.ch\/de\/wp-json\/wp\/v2\/product_cat?post=149746"},{"taxonomy":"product_tag","embeddable":true,"href":"https:\/\/www.greekgourmet.ch\/de\/wp-json\/wp\/v2\/product_tag?post=149746"}],"curies":[{"name":"wp","href":"https:\/\/api.w.org\/{rel}","templated":true}]}}