{"id":149709,"date":"2026-04-20T22:06:27","date_gmt":"2026-04-20T20:06:27","guid":{"rendered":"https:\/\/www.greekgourmet.ch\/produkte\/unkategorisiert\/gia-gia-mas-diverse-fruechte1000ml\/"},"modified":"2026-04-21T16:15:58","modified_gmt":"2026-04-21T14:15:58","slug":"gia-gia-mas-diverse-fruechte1000ml","status":"publish","type":"product","link":"https:\/\/www.greekgourmet.ch\/de\/produkte\/non-alcoholic\/gia-gia-mas-diverse-fruechte1000ml\/","title":{"rendered":"Gia..gia mas Diverse Fr\u00fcchte1000ml"},"content":{"rendered":"<p>Ihre Wahl f\u00fcr den Sommer! Unsere Lieblingsfr\u00fcchte in einer perfekt ausgewogenen Kombination.<\/p>\n<p>Erfrischender und leichter Sommergenuss! Ihre perfekte Wahl f\u00fcr alle Stunden des Tages.<\/p>\n<p>Unsere 1300-g-Flasche bietet Ihnen den Genuss von 25 Portionen \u00e0 580 ml, serviert in unserem speziellen traditionellen Glasgef\u00e4\u00df, wie es sich f\u00fcr die \u00fcppige griechische Kultur geh\u00f6rt.lt.<\/p>\n","protected":false},"excerpt":{"rendered":"<p>Ihre Wahl f\u00fcr den Sommer! Unsere Lieblingsfr\u00fcchte in einer perfekt ausgewogenen Kombination. Erfrischender und leichter Sommergenuss! Ihre perfekte Wahl f\u00fcr alle Stunden des Tages. Unsere 1300-g-Flasche bietet Ihnen den Genuss von 25 Portionen \u00e0 580 ml, serviert in unserem speziellen traditionellen Glasgef\u00e4\u00df, wie es sich f\u00fcr die \u00fcppige griechische Kultur geh\u00f6rt.lt.<\/p>\n","protected":false},"featured_media":149751,"template":"","meta":{"_acf_changed":false},"product_brand":[],"product_cat":[88],"product_tag":[],"class_list":{"0":"post-149709","1":"product","2":"type-product","3":"status-publish","4":"has-post-thumbnail","6":"product_cat-non-alcoholic","8":"first","9":"instock","10":"taxable","11":"shipping-taxable","12":"purchasable","13":"product-type-variable","14":"has-default-attributes"},"acf":[],"_links":{"self":[{"href":"https:\/\/www.greekgourmet.ch\/de\/wp-json\/wp\/v2\/product\/149709","targetHints":{"allow":["GET"]}}],"collection":[{"href":"https:\/\/www.greekgourmet.ch\/de\/wp-json\/wp\/v2\/product"}],"about":[{"href":"https:\/\/www.greekgourmet.ch\/de\/wp-json\/wp\/v2\/types\/product"}],"wp:featuredmedia":[{"embeddable":true,"href":"https:\/\/www.greekgourmet.ch\/de\/wp-json\/wp\/v2\/media\/149751"}],"wp:attachment":[{"href":"https:\/\/www.greekgourmet.ch\/de\/wp-json\/wp\/v2\/media?parent=149709"}],"wp:term":[{"taxonomy":"product_brand","embeddable":true,"href":"https:\/\/www.greekgourmet.ch\/de\/wp-json\/wp\/v2\/product_brand?post=149709"},{"taxonomy":"product_cat","embeddable":true,"href":"https:\/\/www.greekgourmet.ch\/de\/wp-json\/wp\/v2\/product_cat?post=149709"},{"taxonomy":"product_tag","embeddable":true,"href":"https:\/\/www.greekgourmet.ch\/de\/wp-json\/wp\/v2\/product_tag?post=149709"}],"curies":[{"name":"wp","href":"https:\/\/api.w.org\/{rel}","templated":true}]}}