{"id":149600,"date":"2026-04-14T14:06:12","date_gmt":"2026-04-14T12:06:12","guid":{"rendered":"https:\/\/www.greekgourmet.ch\/produkte\/unkategorisiert\/alpha-estate-am-xinomavro-aoc-2023-rot-14-75cl\/"},"modified":"2026-04-20T14:16:17","modified_gmt":"2026-04-20T12:16:17","slug":"alpha-estate-am-xinomavro-aoc-2023-rot-14-75cl","status":"publish","type":"product","link":"https:\/\/www.greekgourmet.ch\/de\/produkte\/wein\/weinwelt\/alpha-estate-am-xinomavro-aoc-2023-rot-14-75cl\/","title":{"rendered":"Alpha Estate AM Xinomavro AOC 2023 rot 14% 75cl"},"content":{"rendered":"<p>Ein hochgelobter Rotwein aus dem griechischen Alpha Estate. Er wird aus der Xinomavr-Traube hergestellt, einer Sorte, die in der mazedonischen Region Griechenlands beheimatet ist und f\u00fcr ihre kr\u00e4ftigen, vollmundigen Weine mit hohem S\u00e4uregehalt und festen Tanninen bekannt ist. Die Trauben werden auf dem Hedgehog-Weinberg angebaut, der sich auf einer H\u00f6he von 620 Metern an den H\u00e4ngen des Monte Vermio befindet und ideale Wachstumsbedingungen bietet.<\/p>\n","protected":false},"excerpt":{"rendered":"<p>Ein hochgelobter Rotwein aus dem griechischen Alpha Estate. Er wird aus der Xinomavr-Traube hergestellt, einer Sorte, die in der mazedonischen Region Griechenlands beheimatet ist und f\u00fcr ihre kr\u00e4ftigen, vollmundigen Weine mit hohem S\u00e4uregehalt und festen Tanninen bekannt ist. Die Trauben werden auf dem Hedgehog-Weinberg angebaut, der sich auf einer H\u00f6he von 620 Metern an den<\/p>\n","protected":false},"featured_media":138090,"template":"","meta":{"_acf_changed":false},"product_brand":[],"product_cat":[461,894,466],"product_tag":[565],"class_list":{"0":"post-149600","1":"product","2":"type-product","3":"status-publish","4":"has-post-thumbnail","6":"product_cat-weinwelt","7":"product_cat-wein","8":"product_cat-rotwein","9":"product_tag-xinomavro","11":"first","12":"instock","13":"taxable","14":"shipping-taxable","15":"purchasable","16":"product-type-variable","17":"has-default-attributes"},"acf":[],"_links":{"self":[{"href":"https:\/\/www.greekgourmet.ch\/de\/wp-json\/wp\/v2\/product\/149600","targetHints":{"allow":["GET"]}}],"collection":[{"href":"https:\/\/www.greekgourmet.ch\/de\/wp-json\/wp\/v2\/product"}],"about":[{"href":"https:\/\/www.greekgourmet.ch\/de\/wp-json\/wp\/v2\/types\/product"}],"wp:featuredmedia":[{"embeddable":true,"href":"https:\/\/www.greekgourmet.ch\/de\/wp-json\/wp\/v2\/media\/138090"}],"wp:attachment":[{"href":"https:\/\/www.greekgourmet.ch\/de\/wp-json\/wp\/v2\/media?parent=149600"}],"wp:term":[{"taxonomy":"product_brand","embeddable":true,"href":"https:\/\/www.greekgourmet.ch\/de\/wp-json\/wp\/v2\/product_brand?post=149600"},{"taxonomy":"product_cat","embeddable":true,"href":"https:\/\/www.greekgourmet.ch\/de\/wp-json\/wp\/v2\/product_cat?post=149600"},{"taxonomy":"product_tag","embeddable":true,"href":"https:\/\/www.greekgourmet.ch\/de\/wp-json\/wp\/v2\/product_tag?post=149600"}],"curies":[{"name":"wp","href":"https:\/\/api.w.org\/{rel}","templated":true}]}}