{"id":149497,"date":"2026-04-23T18:06:20","date_gmt":"2026-04-23T16:06:20","guid":{"rendered":"https:\/\/www.greekgourmet.ch\/de\/produkte\/unkategorisiert\/dodoni-manouri-200g\/"},"modified":"2026-04-24T22:15:57","modified_gmt":"2026-04-24T20:15:57","slug":"dodoni-manouri-200g","status":"publish","type":"product","link":"https:\/\/www.greekgourmet.ch\/de\/produkte\/gekuehltes\/kaese\/dodoni-manouri-200g\/","title":{"rendered":"Dodoni Manouri 200g"},"content":{"rendered":"<p>Manouri-K\u00e4se ist ein traditioneller, weicher K\u00e4se aus 100 % griechischer Schafs- und Ziegenmilch. Mit gesch\u00fctzter Ursprungsbezeichnung<\/p>\n","protected":false},"excerpt":{"rendered":"<p>Manouri-K\u00e4se ist ein traditioneller, weicher K\u00e4se aus 100 % griechischer Schafs- und Ziegenmilch. Mit gesch\u00fctzter Ursprungsbezeichnung<\/p>\n","protected":false},"featured_media":138346,"template":"","meta":{"_acf_changed":false},"product_brand":[],"product_cat":[913,915],"product_tag":[],"class_list":{"0":"post-149497","1":"product","2":"type-product","3":"status-publish","4":"has-post-thumbnail","6":"product_cat-gekuehltes","7":"product_cat-kaese","9":"first","10":"instock","11":"taxable","12":"shipping-taxable","13":"purchasable","14":"product-type-variable","15":"has-default-attributes"},"acf":[],"_links":{"self":[{"href":"https:\/\/www.greekgourmet.ch\/de\/wp-json\/wp\/v2\/product\/149497","targetHints":{"allow":["GET"]}}],"collection":[{"href":"https:\/\/www.greekgourmet.ch\/de\/wp-json\/wp\/v2\/product"}],"about":[{"href":"https:\/\/www.greekgourmet.ch\/de\/wp-json\/wp\/v2\/types\/product"}],"wp:featuredmedia":[{"embeddable":true,"href":"https:\/\/www.greekgourmet.ch\/de\/wp-json\/wp\/v2\/media\/138346"}],"wp:attachment":[{"href":"https:\/\/www.greekgourmet.ch\/de\/wp-json\/wp\/v2\/media?parent=149497"}],"wp:term":[{"taxonomy":"product_brand","embeddable":true,"href":"https:\/\/www.greekgourmet.ch\/de\/wp-json\/wp\/v2\/product_brand?post=149497"},{"taxonomy":"product_cat","embeddable":true,"href":"https:\/\/www.greekgourmet.ch\/de\/wp-json\/wp\/v2\/product_cat?post=149497"},{"taxonomy":"product_tag","embeddable":true,"href":"https:\/\/www.greekgourmet.ch\/de\/wp-json\/wp\/v2\/product_tag?post=149497"}],"curies":[{"name":"wp","href":"https:\/\/api.w.org\/{rel}","templated":true}]}}