{"id":149495,"date":"2026-04-21T14:06:13","date_gmt":"2026-04-21T12:06:13","guid":{"rendered":"https:\/\/www.greekgourmet.ch\/de\/produkte\/unkategorisiert\/cretan-nectar-vinegar-with-oxymelo-200ml\/"},"modified":"2026-04-22T12:15:56","modified_gmt":"2026-04-22T10:15:56","slug":"cretan-nectar-vinegar-with-oxymelo-200ml","status":"publish","type":"product","link":"https:\/\/www.greekgourmet.ch\/de\/produkte\/oel-balsamico\/cretan-nectar-vinegar-with-oxymelo-200ml\/","title":{"rendered":"Cretan Nectar &#8211; Vinegar with Oxymelo 200ml"},"content":{"rendered":"<p>Kretische Nektar Balsamico-Glasur mit Thymianhonig wurde f\u00fcr die Liebhaber der modernen Gastronomie und die Suche nach reinen, rohen Zutaten geschaffen. Die reichhaltige Mischung aus Balsamico-Essig mit traditioneller Traubenmelasse und Thymianhonig hat ein Gew\u00fcrz mit zarter cremiger Textur und vollmundigem s\u00fc\u00df-saurem Geschmack geschaffen, das gr\u00fcne Salate, rohes und gegrilltes Gem\u00fcse, gebratenes Fleisch und Fischfilets perfekt erg\u00e4nzt. Kombinieren Sie es mit Pfannkuchen, trockenen N\u00fcssen, Joghurt, Eis oder Obst f\u00fcr eine angenehme \u00dcberraschung.<\/p>\n","protected":false},"excerpt":{"rendered":"<p>Kretische Nektar Balsamico-Glasur mit Thymianhonig wurde f\u00fcr die Liebhaber der modernen Gastronomie und die Suche nach reinen, rohen Zutaten geschaffen. Die reichhaltige Mischung aus Balsamico-Essig mit traditioneller Traubenmelasse und Thymianhonig hat ein Gew\u00fcrz mit zarter cremiger Textur und vollmundigem s\u00fc\u00df-saurem Geschmack geschaffen, das gr\u00fcne Salate, rohes und gegrilltes Gem\u00fcse, gebratenes Fleisch und Fischfilets perfekt erg\u00e4nzt.<\/p>\n","protected":false},"featured_media":138286,"template":"","meta":{"_acf_changed":false},"product_brand":[],"product_cat":[911],"product_tag":[],"class_list":{"0":"post-149495","1":"product","2":"type-product","3":"status-publish","4":"has-post-thumbnail","6":"product_cat-oel-balsamico","8":"first","9":"instock","10":"taxable","11":"shipping-taxable","12":"purchasable","13":"product-type-variable","14":"has-default-attributes"},"acf":[],"_links":{"self":[{"href":"https:\/\/www.greekgourmet.ch\/de\/wp-json\/wp\/v2\/product\/149495","targetHints":{"allow":["GET"]}}],"collection":[{"href":"https:\/\/www.greekgourmet.ch\/de\/wp-json\/wp\/v2\/product"}],"about":[{"href":"https:\/\/www.greekgourmet.ch\/de\/wp-json\/wp\/v2\/types\/product"}],"wp:featuredmedia":[{"embeddable":true,"href":"https:\/\/www.greekgourmet.ch\/de\/wp-json\/wp\/v2\/media\/138286"}],"wp:attachment":[{"href":"https:\/\/www.greekgourmet.ch\/de\/wp-json\/wp\/v2\/media?parent=149495"}],"wp:term":[{"taxonomy":"product_brand","embeddable":true,"href":"https:\/\/www.greekgourmet.ch\/de\/wp-json\/wp\/v2\/product_brand?post=149495"},{"taxonomy":"product_cat","embeddable":true,"href":"https:\/\/www.greekgourmet.ch\/de\/wp-json\/wp\/v2\/product_cat?post=149495"},{"taxonomy":"product_tag","embeddable":true,"href":"https:\/\/www.greekgourmet.ch\/de\/wp-json\/wp\/v2\/product_tag?post=149495"}],"curies":[{"name":"wp","href":"https:\/\/api.w.org\/{rel}","templated":true}]}}