{"id":149471,"date":"2026-04-20T08:06:25","date_gmt":"2026-04-20T06:06:25","guid":{"rendered":"https:\/\/www.greekgourmet.ch\/produkte\/unkategorisiert\/lazaridi-amethystos-2023-rot-14-75cl\/"},"modified":"2026-04-20T16:17:00","modified_gmt":"2026-04-20T14:17:00","slug":"lazaridi-amethystos-2023-rot-14-75cl","status":"publish","type":"product","link":"https:\/\/www.greekgourmet.ch\/de\/produkte\/wein\/weinwelt\/lazaridi-amethystos-2023-rot-14-75cl\/","title":{"rendered":"Lazaridi Amethystos 2023 rot 14% 75cl"},"content":{"rendered":"<p>Der Hauch des gro\u00dfen, \u201efliegenden\u201c Winzers Michel Rolland, der unser Weingut bei der Rotweinherstellung ber\u00e4t, hinterl\u00e4sst bei unserem \u00e4ltesten Rotweinlabel einen starken Eindruck.<\/p>\n","protected":false},"excerpt":{"rendered":"<p>Der Hauch des gro\u00dfen, \u201efliegenden\u201c Winzers Michel Rolland, der unser Weingut bei der Rotweinherstellung ber\u00e4t, hinterl\u00e4sst bei unserem \u00e4ltesten Rotweinlabel einen starken Eindruck.<\/p>\n","protected":false},"featured_media":149843,"template":"","meta":{"_acf_changed":false},"product_brand":[],"product_cat":[461,894,466],"product_tag":[],"class_list":{"0":"post-149471","1":"product","2":"type-product","3":"status-publish","4":"has-post-thumbnail","6":"product_cat-weinwelt","7":"product_cat-wein","8":"product_cat-rotwein","10":"first","11":"instock","12":"taxable","13":"shipping-taxable","14":"purchasable","15":"product-type-variable","16":"has-default-attributes"},"acf":[],"_links":{"self":[{"href":"https:\/\/www.greekgourmet.ch\/de\/wp-json\/wp\/v2\/product\/149471","targetHints":{"allow":["GET"]}}],"collection":[{"href":"https:\/\/www.greekgourmet.ch\/de\/wp-json\/wp\/v2\/product"}],"about":[{"href":"https:\/\/www.greekgourmet.ch\/de\/wp-json\/wp\/v2\/types\/product"}],"wp:featuredmedia":[{"embeddable":true,"href":"https:\/\/www.greekgourmet.ch\/de\/wp-json\/wp\/v2\/media\/149843"}],"wp:attachment":[{"href":"https:\/\/www.greekgourmet.ch\/de\/wp-json\/wp\/v2\/media?parent=149471"}],"wp:term":[{"taxonomy":"product_brand","embeddable":true,"href":"https:\/\/www.greekgourmet.ch\/de\/wp-json\/wp\/v2\/product_brand?post=149471"},{"taxonomy":"product_cat","embeddable":true,"href":"https:\/\/www.greekgourmet.ch\/de\/wp-json\/wp\/v2\/product_cat?post=149471"},{"taxonomy":"product_tag","embeddable":true,"href":"https:\/\/www.greekgourmet.ch\/de\/wp-json\/wp\/v2\/product_tag?post=149471"}],"curies":[{"name":"wp","href":"https:\/\/api.w.org\/{rel}","templated":true}]}}