{"id":149239,"date":"2025-12-22T00:06:10","date_gmt":"2025-12-21T23:06:10","guid":{"rendered":"https:\/\/www.greekgourmet.ch\/produkte\/unkategorisiert\/agrino-reis-fancy-fuer-gemista-500g\/"},"modified":"2026-04-20T10:16:10","modified_gmt":"2026-04-20T08:16:10","slug":"agrino-reis-fancy-fuer-gemista-500g","status":"publish","type":"product","link":"https:\/\/www.greekgourmet.ch\/de\/produkte\/greek-traditional\/bohnen-linsen\/agrino-reis-fancy-fuer-gemista-500g\/","title":{"rendered":"Agrino Reis Fancy f\u00fcr GEMISTA 500g"},"content":{"rendered":"<p>Agrino bringt alle N\u00e4hrwerte des griechischen Bodens auf Ihren Teller, indem es alle Arten von Reis, wei\u00df und parboiled, aus den besten griechischen Reissorten herstellt. F\u00fcr jeden kulinarischen Bedarf finden Sie ein Agrino-Reisprodukt! Die Agrino-Reisprodukte zeichnen sich durch ihren einzigartigen Geschmack aus, der in der markanten Standverpackung mit Sichtfenster auf den Inhalt erhalten bleibt. Entdecken Sie die magische Reise der Agrino-Reisprodukte voller genussvoller Erlebnisse!<\/p>\n<p>Griechischer wei\u00dfer mittelk\u00f6rniger Reis, der haupts\u00e4chlich in den Deltas der Fl\u00fcsse Sperchios und Acheloos angebaut wird. Es hat die perfekte Konsistenz f\u00fcr die Verwendung in Rezepten f\u00fcr gef\u00fcllte Lebensmittel, wie z. B. das traditionelle griechische \u201eGemista\u201c (gef\u00fcllte Tomaten und Paprika) oder \u201eDolmades\u201c (gef\u00fcllte Weinbl\u00e4tter).<\/p>\n","protected":false},"excerpt":{"rendered":"<p>Agrino bringt alle N\u00e4hrwerte des griechischen Bodens auf Ihren Teller, indem es alle Arten von Reis, wei\u00df und parboiled, aus den besten griechischen Reissorten herstellt. F\u00fcr jeden kulinarischen Bedarf finden Sie ein Agrino-Reisprodukt! Die Agrino-Reisprodukte zeichnen sich durch ihren einzigartigen Geschmack aus, der in der markanten Standverpackung mit Sichtfenster auf den Inhalt erhalten bleibt. Entdecken<\/p>\n","protected":false},"featured_media":138062,"template":"","meta":{"_acf_changed":false},"product_brand":[],"product_cat":[926,68],"product_tag":[],"class_list":{"0":"post-149239","1":"product","2":"type-product","3":"status-publish","4":"has-post-thumbnail","6":"product_cat-greek-traditional","7":"product_cat-bohnen-linsen","9":"first","10":"instock","11":"taxable","12":"shipping-taxable","13":"purchasable","14":"product-type-variable","15":"has-default-attributes"},"acf":[],"_links":{"self":[{"href":"https:\/\/www.greekgourmet.ch\/de\/wp-json\/wp\/v2\/product\/149239","targetHints":{"allow":["GET"]}}],"collection":[{"href":"https:\/\/www.greekgourmet.ch\/de\/wp-json\/wp\/v2\/product"}],"about":[{"href":"https:\/\/www.greekgourmet.ch\/de\/wp-json\/wp\/v2\/types\/product"}],"wp:featuredmedia":[{"embeddable":true,"href":"https:\/\/www.greekgourmet.ch\/de\/wp-json\/wp\/v2\/media\/138062"}],"wp:attachment":[{"href":"https:\/\/www.greekgourmet.ch\/de\/wp-json\/wp\/v2\/media?parent=149239"}],"wp:term":[{"taxonomy":"product_brand","embeddable":true,"href":"https:\/\/www.greekgourmet.ch\/de\/wp-json\/wp\/v2\/product_brand?post=149239"},{"taxonomy":"product_cat","embeddable":true,"href":"https:\/\/www.greekgourmet.ch\/de\/wp-json\/wp\/v2\/product_cat?post=149239"},{"taxonomy":"product_tag","embeddable":true,"href":"https:\/\/www.greekgourmet.ch\/de\/wp-json\/wp\/v2\/product_tag?post=149239"}],"curies":[{"name":"wp","href":"https:\/\/api.w.org\/{rel}","templated":true}]}}