{"id":149236,"date":"2025-12-18T16:06:08","date_gmt":"2025-12-18T15:06:08","guid":{"rendered":"https:\/\/www.greekgourmet.ch\/produkte\/unkategorisiert\/agrino-bohnen-mavromatiko-aus-feneos-500g\/"},"modified":"2026-04-20T12:16:14","modified_gmt":"2026-04-20T10:16:14","slug":"agrino-bohnen-mavromatiko-aus-feneos-500g","status":"publish","type":"product","link":"https:\/\/www.greekgourmet.ch\/de\/produkte\/greek-traditional\/bohnen-linsen\/agrino-bohnen-mavromatiko-aus-feneos-500g\/","title":{"rendered":"Agrino Bohnen Mavromatiko aus FENEOS 500g"},"content":{"rendered":"<p>Ein ausgezeichnetes Produkt, aus ausgew\u00e4hlten, selektierten Zutaten und kontrollierten Anbau, mit Magnesium, Phosphor, Eisen und Vitamin B1. Wenig Fett und hilfreich gegen erh\u00f6hte Cholisterinwerte. Mit diesen leckeren Bohnen, k\u00f6nnen Sie ein k\u00f6stliches Gericht oder ein leckeres englisches Fr\u00fchst\u00fcck zubereiten.<\/p>\n","protected":false},"excerpt":{"rendered":"<p>Ein ausgezeichnetes Produkt, aus ausgew\u00e4hlten, selektierten Zutaten und kontrollierten Anbau, mit Magnesium, Phosphor, Eisen und Vitamin B1. Wenig Fett und hilfreich gegen erh\u00f6hte Cholisterinwerte. Mit diesen leckeren Bohnen, k\u00f6nnen Sie ein k\u00f6stliches Gericht oder ein leckeres englisches Fr\u00fchst\u00fcck zubereiten.<\/p>\n","protected":false},"featured_media":149238,"template":"","meta":{"_acf_changed":false},"product_brand":[],"product_cat":[926,68],"product_tag":[],"class_list":{"0":"post-149236","1":"product","2":"type-product","3":"status-publish","4":"has-post-thumbnail","6":"product_cat-greek-traditional","7":"product_cat-bohnen-linsen","9":"first","10":"instock","11":"taxable","12":"shipping-taxable","13":"purchasable","14":"product-type-variable","15":"has-default-attributes"},"acf":[],"_links":{"self":[{"href":"https:\/\/www.greekgourmet.ch\/de\/wp-json\/wp\/v2\/product\/149236","targetHints":{"allow":["GET"]}}],"collection":[{"href":"https:\/\/www.greekgourmet.ch\/de\/wp-json\/wp\/v2\/product"}],"about":[{"href":"https:\/\/www.greekgourmet.ch\/de\/wp-json\/wp\/v2\/types\/product"}],"wp:featuredmedia":[{"embeddable":true,"href":"https:\/\/www.greekgourmet.ch\/de\/wp-json\/wp\/v2\/media\/149238"}],"wp:attachment":[{"href":"https:\/\/www.greekgourmet.ch\/de\/wp-json\/wp\/v2\/media?parent=149236"}],"wp:term":[{"taxonomy":"product_brand","embeddable":true,"href":"https:\/\/www.greekgourmet.ch\/de\/wp-json\/wp\/v2\/product_brand?post=149236"},{"taxonomy":"product_cat","embeddable":true,"href":"https:\/\/www.greekgourmet.ch\/de\/wp-json\/wp\/v2\/product_cat?post=149236"},{"taxonomy":"product_tag","embeddable":true,"href":"https:\/\/www.greekgourmet.ch\/de\/wp-json\/wp\/v2\/product_tag?post=149236"}],"curies":[{"name":"wp","href":"https:\/\/api.w.org\/{rel}","templated":true}]}}