{"id":149150,"date":"2026-03-31T12:06:36","date_gmt":"2026-03-31T10:06:36","guid":{"rendered":"https:\/\/www.greekgourmet.ch\/produkte\/unkategorisiert\/santo-mavrotragano-pgi-2022-rot-13-5-75cl\/"},"modified":"2026-04-20T16:17:08","modified_gmt":"2026-04-20T14:17:08","slug":"santo-mavrotragano-pgi-2022-rot-13-5-75cl","status":"publish","type":"product","link":"https:\/\/www.greekgourmet.ch\/de\/produkte\/wein\/weinwelt\/santo-mavrotragano-pgi-2022-rot-13-5-75cl\/","title":{"rendered":"Santo Mavrotragano PGI 2022 rot 13.5% 75cl"},"content":{"rendered":"<p>Mavrotragano wurde auf dem vulkanischen Boden von Santorin geboren und ist eine Seltenheit. Eine einheimische rote Sorte, die Weine von purer Individualit\u00e4t bietet Lebendige rubinrote Farbe. \u00dcppige Nase mit roten und schwarzen Fr\u00fcchten wie Kirschen und Beeren mit Noten von Vanille und Tabak. Die gro\u00dfz\u00fcgigen und strukturierten Gaumen mit weichen Taninen zeigen ein ausgezeichnetes Alterungspotenzial.<\/p>\n","protected":false},"excerpt":{"rendered":"<p>Mavrotragano wurde auf dem vulkanischen Boden von Santorin geboren und ist eine Seltenheit. Eine einheimische rote Sorte, die Weine von purer Individualit\u00e4t bietet Lebendige rubinrote Farbe. \u00dcppige Nase mit roten und schwarzen Fr\u00fcchten wie Kirschen und Beeren mit Noten von Vanille und Tabak. Die gro\u00dfz\u00fcgigen und strukturierten Gaumen mit weichen Taninen zeigen ein ausgezeichnetes Alterungspotenzial.<\/p>\n","protected":false},"featured_media":139082,"template":"","meta":{"_acf_changed":false},"product_brand":[],"product_cat":[461,894,466],"product_tag":[571],"class_list":{"0":"post-149150","1":"product","2":"type-product","3":"status-publish","4":"has-post-thumbnail","6":"product_cat-weinwelt","7":"product_cat-wein","8":"product_cat-rotwein","9":"product_tag-mavrotragano","11":"first","12":"instock","13":"taxable","14":"shipping-taxable","15":"purchasable","16":"product-type-variable","17":"has-default-attributes"},"acf":[],"_links":{"self":[{"href":"https:\/\/www.greekgourmet.ch\/de\/wp-json\/wp\/v2\/product\/149150","targetHints":{"allow":["GET"]}}],"collection":[{"href":"https:\/\/www.greekgourmet.ch\/de\/wp-json\/wp\/v2\/product"}],"about":[{"href":"https:\/\/www.greekgourmet.ch\/de\/wp-json\/wp\/v2\/types\/product"}],"wp:featuredmedia":[{"embeddable":true,"href":"https:\/\/www.greekgourmet.ch\/de\/wp-json\/wp\/v2\/media\/139082"}],"wp:attachment":[{"href":"https:\/\/www.greekgourmet.ch\/de\/wp-json\/wp\/v2\/media?parent=149150"}],"wp:term":[{"taxonomy":"product_brand","embeddable":true,"href":"https:\/\/www.greekgourmet.ch\/de\/wp-json\/wp\/v2\/product_brand?post=149150"},{"taxonomy":"product_cat","embeddable":true,"href":"https:\/\/www.greekgourmet.ch\/de\/wp-json\/wp\/v2\/product_cat?post=149150"},{"taxonomy":"product_tag","embeddable":true,"href":"https:\/\/www.greekgourmet.ch\/de\/wp-json\/wp\/v2\/product_tag?post=149150"}],"curies":[{"name":"wp","href":"https:\/\/api.w.org\/{rel}","templated":true}]}}