{"id":149148,"date":"2026-04-20T16:06:21","date_gmt":"2026-04-20T14:06:21","guid":{"rendered":"https:\/\/www.greekgourmet.ch\/produkte\/unkategorisiert\/lazaridi-oenotria-csa-2023-rot-14-75cl-bio\/"},"modified":"2026-04-20T16:17:01","modified_gmt":"2026-04-20T14:17:01","slug":"lazaridi-oenotria-csa-2023-rot-14-75cl-bio","status":"publish","type":"product","link":"https:\/\/www.greekgourmet.ch\/de\/produkte\/wein\/weinwelt\/lazaridi-oenotria-csa-2023-rot-14-75cl-bio\/","title":{"rendered":"Lazaridi Oenotria CSA 2023 rot 14% 75cl &#8211; BIO"},"content":{"rendered":"<p>Agiorgitiko verringert die Intensit\u00e4t des Weines Cabernet Sauvignon, ohne seine wesentlichen Eigenschaften zu ver\u00e4ndern, wie diese in den besonderen bodenklimatischen Bedingungen unseres Weingartens gepr\u00e4gt sind.<\/p>\n","protected":false},"excerpt":{"rendered":"<p>Agiorgitiko verringert die Intensit\u00e4t des Weines Cabernet Sauvignon, ohne seine wesentlichen Eigenschaften zu ver\u00e4ndern, wie diese in den besonderen bodenklimatischen Bedingungen unseres Weingartens gepr\u00e4gt sind.<\/p>\n","protected":false},"featured_media":138768,"template":"","meta":{"_acf_changed":false},"product_brand":[],"product_cat":[461,894,466],"product_tag":[],"class_list":{"0":"post-149148","1":"product","2":"type-product","3":"status-publish","4":"has-post-thumbnail","6":"product_cat-weinwelt","7":"product_cat-wein","8":"product_cat-rotwein","10":"first","11":"instock","12":"taxable","13":"shipping-taxable","14":"purchasable","15":"product-type-variable","16":"has-default-attributes"},"acf":[],"_links":{"self":[{"href":"https:\/\/www.greekgourmet.ch\/de\/wp-json\/wp\/v2\/product\/149148","targetHints":{"allow":["GET"]}}],"collection":[{"href":"https:\/\/www.greekgourmet.ch\/de\/wp-json\/wp\/v2\/product"}],"about":[{"href":"https:\/\/www.greekgourmet.ch\/de\/wp-json\/wp\/v2\/types\/product"}],"wp:featuredmedia":[{"embeddable":true,"href":"https:\/\/www.greekgourmet.ch\/de\/wp-json\/wp\/v2\/media\/138768"}],"wp:attachment":[{"href":"https:\/\/www.greekgourmet.ch\/de\/wp-json\/wp\/v2\/media?parent=149148"}],"wp:term":[{"taxonomy":"product_brand","embeddable":true,"href":"https:\/\/www.greekgourmet.ch\/de\/wp-json\/wp\/v2\/product_brand?post=149148"},{"taxonomy":"product_cat","embeddable":true,"href":"https:\/\/www.greekgourmet.ch\/de\/wp-json\/wp\/v2\/product_cat?post=149148"},{"taxonomy":"product_tag","embeddable":true,"href":"https:\/\/www.greekgourmet.ch\/de\/wp-json\/wp\/v2\/product_tag?post=149148"}],"curies":[{"name":"wp","href":"https:\/\/api.w.org\/{rel}","templated":true}]}}