{"id":149142,"date":"2026-03-26T10:09:03","date_gmt":"2026-03-26T09:09:03","guid":{"rendered":"https:\/\/www.greekgourmet.ch\/produkte\/unkategorisiert\/lazaridi-balsamico-white-vinegar-250ml\/"},"modified":"2026-04-24T22:16:00","modified_gmt":"2026-04-24T20:16:00","slug":"lazaridi-balsamico-white-vinegar-250ml","status":"publish","type":"product","link":"https:\/\/www.greekgourmet.ch\/de\/produkte\/oel-balsamico\/lazaridi-balsamico-white-vinegar-250ml\/","title":{"rendered":"Lazaridi Balsamico White Vinegar 250ml"},"content":{"rendered":"<p>Der Aceto Botanico Wei\u00dfweinessig wird aus ausgew\u00e4hlten Trauben hergestellt und altert in besonders zusammengestellten kleinen F\u00e4ssern aus Holz. W\u00e4hrend der Sommermonate reift er und dickt ein, w\u00e4hrend er im Winter ruht und sich kl\u00e4rt. Das schrittweise Durchlaufen jedes Fasses gibt dem Essig die spezielle Eigenschaften, die es erm\u00f6glichen, den Geschmack jedes Gerichts &#8211; sei es einfach oder kompliziert &#8211; zu intensivieren, sprich zu vervollkommnen.<\/p>\n<p>S\u00e4ure\t6%<\/p>\n","protected":false},"excerpt":{"rendered":"<p>Der Aceto Botanico Wei\u00dfweinessig wird aus ausgew\u00e4hlten Trauben hergestellt und altert in besonders zusammengestellten kleinen F\u00e4ssern aus Holz. W\u00e4hrend der Sommermonate reift er und dickt ein, w\u00e4hrend er im Winter ruht und sich kl\u00e4rt. Das schrittweise Durchlaufen jedes Fasses gibt dem Essig die spezielle Eigenschaften, die es erm\u00f6glichen, den Geschmack jedes Gerichts &#8211; sei es<\/p>\n","protected":false},"featured_media":143227,"template":"","meta":{"_acf_changed":false},"product_brand":[],"product_cat":[911],"product_tag":[],"class_list":{"0":"post-149142","1":"product","2":"type-product","3":"status-publish","4":"has-post-thumbnail","6":"product_cat-oel-balsamico","8":"first","9":"instock","10":"taxable","11":"shipping-taxable","12":"purchasable","13":"product-type-variable","14":"has-default-attributes"},"acf":[],"_links":{"self":[{"href":"https:\/\/www.greekgourmet.ch\/de\/wp-json\/wp\/v2\/product\/149142","targetHints":{"allow":["GET"]}}],"collection":[{"href":"https:\/\/www.greekgourmet.ch\/de\/wp-json\/wp\/v2\/product"}],"about":[{"href":"https:\/\/www.greekgourmet.ch\/de\/wp-json\/wp\/v2\/types\/product"}],"wp:featuredmedia":[{"embeddable":true,"href":"https:\/\/www.greekgourmet.ch\/de\/wp-json\/wp\/v2\/media\/143227"}],"wp:attachment":[{"href":"https:\/\/www.greekgourmet.ch\/de\/wp-json\/wp\/v2\/media?parent=149142"}],"wp:term":[{"taxonomy":"product_brand","embeddable":true,"href":"https:\/\/www.greekgourmet.ch\/de\/wp-json\/wp\/v2\/product_brand?post=149142"},{"taxonomy":"product_cat","embeddable":true,"href":"https:\/\/www.greekgourmet.ch\/de\/wp-json\/wp\/v2\/product_cat?post=149142"},{"taxonomy":"product_tag","embeddable":true,"href":"https:\/\/www.greekgourmet.ch\/de\/wp-json\/wp\/v2\/product_tag?post=149142"}],"curies":[{"name":"wp","href":"https:\/\/api.w.org\/{rel}","templated":true}]}}