{"id":149107,"date":"2026-04-20T08:06:46","date_gmt":"2026-04-20T06:06:46","guid":{"rendered":"https:\/\/www.greekgourmet.ch\/produkte\/unkategorisiert\/zagori-wasser-mit-glass-75cl\/"},"modified":"2026-04-21T16:16:06","modified_gmt":"2026-04-21T14:16:06","slug":"zagori-wasser-mit-glass-75cl","status":"publish","type":"product","link":"https:\/\/www.greekgourmet.ch\/de\/produkte\/non-alcoholic\/zagori-wasser-mit-glass-75cl\/","title":{"rendered":"Zagori Wasser MIT &#8211; GLASS 75cl"},"content":{"rendered":"<p>Das \u201eprickelnde\u201c Premium-Erlebnis mit Bubbles! &#8211; Die ZAGORI Sparkling 0,75-l-Glasflasche ist die ideale Wahl f\u00fcr ein verbessertes Fl\u00fcssigkeits- und Erfrischungserlebnis mit Sekt f\u00fcr Ihre Freunde und verleiht Ihrem besonderen Moment einen Hauch von Luxus.<\/p>\n","protected":false},"excerpt":{"rendered":"<p>Das \u201eprickelnde\u201c Premium-Erlebnis mit Bubbles! &#8211; Die ZAGORI Sparkling 0,75-l-Glasflasche ist die ideale Wahl f\u00fcr ein verbessertes Fl\u00fcssigkeits- und Erfrischungserlebnis mit Sekt f\u00fcr Ihre Freunde und verleiht Ihrem besonderen Moment einen Hauch von Luxus.<\/p>\n","protected":false},"featured_media":148445,"template":"","meta":{"_acf_changed":false},"product_brand":[],"product_cat":[88],"product_tag":[],"class_list":{"0":"post-149107","1":"product","2":"type-product","3":"status-publish","4":"has-post-thumbnail","6":"product_cat-non-alcoholic","8":"first","9":"instock","10":"taxable","11":"shipping-taxable","12":"purchasable","13":"product-type-variable","14":"has-default-attributes"},"acf":[],"_links":{"self":[{"href":"https:\/\/www.greekgourmet.ch\/de\/wp-json\/wp\/v2\/product\/149107","targetHints":{"allow":["GET"]}}],"collection":[{"href":"https:\/\/www.greekgourmet.ch\/de\/wp-json\/wp\/v2\/product"}],"about":[{"href":"https:\/\/www.greekgourmet.ch\/de\/wp-json\/wp\/v2\/types\/product"}],"wp:featuredmedia":[{"embeddable":true,"href":"https:\/\/www.greekgourmet.ch\/de\/wp-json\/wp\/v2\/media\/148445"}],"wp:attachment":[{"href":"https:\/\/www.greekgourmet.ch\/de\/wp-json\/wp\/v2\/media?parent=149107"}],"wp:term":[{"taxonomy":"product_brand","embeddable":true,"href":"https:\/\/www.greekgourmet.ch\/de\/wp-json\/wp\/v2\/product_brand?post=149107"},{"taxonomy":"product_cat","embeddable":true,"href":"https:\/\/www.greekgourmet.ch\/de\/wp-json\/wp\/v2\/product_cat?post=149107"},{"taxonomy":"product_tag","embeddable":true,"href":"https:\/\/www.greekgourmet.ch\/de\/wp-json\/wp\/v2\/product_tag?post=149107"}],"curies":[{"name":"wp","href":"https:\/\/api.w.org\/{rel}","templated":true}]}}