{"id":149093,"date":"2026-04-17T16:06:21","date_gmt":"2026-04-17T14:06:21","guid":{"rendered":"https:\/\/www.greekgourmet.ch\/produkte\/unkategorisiert\/domaine-skouras-synoro-pgi-2021-rot-75cl\/"},"modified":"2026-04-20T16:16:52","modified_gmt":"2026-04-20T14:16:52","slug":"domaine-skouras-synoro-pgi-2021-rot-75cl","status":"publish","type":"product","link":"https:\/\/www.greekgourmet.ch\/de\/produkte\/wein\/weinwelt\/domaine-skouras-synoro-pgi-2021-rot-75cl\/","title":{"rendered":"Domaine Skouras Synoro PGI 2021 rot 75cl"},"content":{"rendered":"<p>G\u00e4rung und lange Nachg\u00e4rungsmaischung in Edelstahltanks. Volle malolaktische G\u00e4rung und Reifung in neuen franz\u00f6sischen Eichen Barriques f\u00fcr 13 Monate und nochmals 6 Monate in der Flasche. Rote Kirschen, Weichseln, Cr\u00e8me de Cacao, Zimt, Zedernholz, reich und kunstvoll ausgearbeitet im Geschmack.<\/p>\n","protected":false},"excerpt":{"rendered":"<p>G\u00e4rung und lange Nachg\u00e4rungsmaischung in Edelstahltanks. Volle malolaktische G\u00e4rung und Reifung in neuen franz\u00f6sischen Eichen Barriques f\u00fcr 13 Monate und nochmals 6 Monate in der Flasche. Rote Kirschen, Weichseln, Cr\u00e8me de Cacao, Zimt, Zedernholz, reich und kunstvoll ausgearbeitet im Geschmack.<\/p>\n","protected":false},"featured_media":142496,"template":"","meta":{"_acf_changed":false},"product_brand":[],"product_cat":[461,894,466],"product_tag":[583,579,586],"class_list":{"0":"post-149093","1":"product","2":"type-product","3":"status-publish","4":"has-post-thumbnail","6":"product_cat-weinwelt","7":"product_cat-wein","8":"product_cat-rotwein","9":"product_tag-agiorgitiko","10":"product_tag-cabernet-franc","11":"product_tag-merlot","13":"first","14":"instock","15":"taxable","16":"shipping-taxable","17":"purchasable","18":"product-type-variable","19":"has-default-attributes"},"acf":[],"_links":{"self":[{"href":"https:\/\/www.greekgourmet.ch\/de\/wp-json\/wp\/v2\/product\/149093","targetHints":{"allow":["GET"]}}],"collection":[{"href":"https:\/\/www.greekgourmet.ch\/de\/wp-json\/wp\/v2\/product"}],"about":[{"href":"https:\/\/www.greekgourmet.ch\/de\/wp-json\/wp\/v2\/types\/product"}],"wp:featuredmedia":[{"embeddable":true,"href":"https:\/\/www.greekgourmet.ch\/de\/wp-json\/wp\/v2\/media\/142496"}],"wp:attachment":[{"href":"https:\/\/www.greekgourmet.ch\/de\/wp-json\/wp\/v2\/media?parent=149093"}],"wp:term":[{"taxonomy":"product_brand","embeddable":true,"href":"https:\/\/www.greekgourmet.ch\/de\/wp-json\/wp\/v2\/product_brand?post=149093"},{"taxonomy":"product_cat","embeddable":true,"href":"https:\/\/www.greekgourmet.ch\/de\/wp-json\/wp\/v2\/product_cat?post=149093"},{"taxonomy":"product_tag","embeddable":true,"href":"https:\/\/www.greekgourmet.ch\/de\/wp-json\/wp\/v2\/product_tag?post=149093"}],"curies":[{"name":"wp","href":"https:\/\/api.w.org\/{rel}","templated":true}]}}