{"id":149061,"date":"2026-05-14T18:06:29","date_gmt":"2026-05-14T16:06:29","guid":{"rendered":"https:\/\/www.greekgourmet.ch\/produkte\/unkategorisiert\/kechris-traene-der-pinie-2023-weiss-13-75cl\/"},"modified":"2026-05-15T16:16:01","modified_gmt":"2026-05-15T14:16:01","slug":"kechris-traene-der-pinie-2023-weiss-13-75cl","status":"publish","type":"product","link":"https:\/\/www.greekgourmet.ch\/de\/produkte\/wein\/weinwelt\/kechris-traene-der-pinie-2023-weiss-13-75cl\/","title":{"rendered":"Kechris Tr\u00e4ne der Pinie 2023 weiss 13% 75cl"},"content":{"rendered":"<p>Die Tr\u00e4ne der Pinie ist die Frucht eines sch\u00f6pferischen Prozesses, der sich \u00fcber Jahre hingezogen hat und die Ausforschung der Grenzen des Retsina betraf. Sie ist der Wein, der den Retsina den besten Kreationen der&#8230;<\/p>\n","protected":false},"excerpt":{"rendered":"<p>Die Tr\u00e4ne der Pinie ist die Frucht eines sch\u00f6pferischen Prozesses, der sich \u00fcber Jahre hingezogen hat und die Ausforschung der Grenzen des Retsina betraf. Sie ist der Wein, der den Retsina den besten Kreationen der&#8230;<\/p>\n","protected":false},"featured_media":138646,"template":"","meta":{"_acf_changed":false},"product_brand":[],"product_cat":[461,894,895],"product_tag":[],"class_list":{"0":"post-149061","1":"product","2":"type-product","3":"status-publish","4":"has-post-thumbnail","6":"product_cat-weinwelt","7":"product_cat-wein","8":"product_cat-weisswein","10":"first","11":"instock","12":"taxable","13":"shipping-taxable","14":"purchasable","15":"product-type-variable","16":"has-default-attributes"},"acf":[],"_links":{"self":[{"href":"https:\/\/www.greekgourmet.ch\/de\/wp-json\/wp\/v2\/product\/149061","targetHints":{"allow":["GET"]}}],"collection":[{"href":"https:\/\/www.greekgourmet.ch\/de\/wp-json\/wp\/v2\/product"}],"about":[{"href":"https:\/\/www.greekgourmet.ch\/de\/wp-json\/wp\/v2\/types\/product"}],"wp:featuredmedia":[{"embeddable":true,"href":"https:\/\/www.greekgourmet.ch\/de\/wp-json\/wp\/v2\/media\/138646"}],"wp:attachment":[{"href":"https:\/\/www.greekgourmet.ch\/de\/wp-json\/wp\/v2\/media?parent=149061"}],"wp:term":[{"taxonomy":"product_brand","embeddable":true,"href":"https:\/\/www.greekgourmet.ch\/de\/wp-json\/wp\/v2\/product_brand?post=149061"},{"taxonomy":"product_cat","embeddable":true,"href":"https:\/\/www.greekgourmet.ch\/de\/wp-json\/wp\/v2\/product_cat?post=149061"},{"taxonomy":"product_tag","embeddable":true,"href":"https:\/\/www.greekgourmet.ch\/de\/wp-json\/wp\/v2\/product_tag?post=149061"}],"curies":[{"name":"wp","href":"https:\/\/api.w.org\/{rel}","templated":true}]}}