{"id":149059,"date":"2025-12-09T14:06:19","date_gmt":"2025-12-09T13:06:19","guid":{"rendered":"https:\/\/www.greekgourmet.ch\/produkte\/unkategorisiert\/epsa-sour-cherry-mit-232ml\/"},"modified":"2026-04-21T16:15:57","modified_gmt":"2026-04-21T14:15:57","slug":"epsa-sour-cherry-ohne-232ml","status":"publish","type":"product","link":"https:\/\/www.greekgourmet.ch\/de\/produkte\/non-alcoholic\/epsa-sour-cherry-ohne-232ml\/","title":{"rendered":"EPSA Sour Cherry OHNE 232ml"},"content":{"rendered":"<p>Nach Omas Rezept\u2026!<\/p>\n<p>\u201eIch f\u00fchle mich gro\u00dfartig, denn das s\u00fc\u00dfe Sauerkirschgetr\u00e4nk l\u00f6scht meinen Durst auf vertraute Weise, genau wie in meiner Kindheit. Zum Gl\u00fcck sind manche Dinge noch authentisch und zeitlos! Danke EPSA\u2026\u201c<\/p>\n<p>Unser wunderbares Sauerkirschgetr\u00e4nk wird aus saftigen griechischen Sauerkirschen hergestellt. Wir w\u00e4hlen sie stets sorgf\u00e4ltig aus und kreieren nach Omas authentischem Rezept ein Erfrischungsgetr\u00e4nk, das Sie mit seinem vollen Geschmack und Aroma gleichzeitig erfrischt und verw\u00f6hnt.<\/p>\n","protected":false},"excerpt":{"rendered":"<p>Nach Omas Rezept\u2026! \u201eIch f\u00fchle mich gro\u00dfartig, denn das s\u00fc\u00dfe Sauerkirschgetr\u00e4nk l\u00f6scht meinen Durst auf vertraute Weise, genau wie in meiner Kindheit. Zum Gl\u00fcck sind manche Dinge noch authentisch und zeitlos! Danke EPSA\u2026\u201c Unser wunderbares Sauerkirschgetr\u00e4nk wird aus saftigen griechischen Sauerkirschen hergestellt. Wir w\u00e4hlen sie stets sorgf\u00e4ltig aus und kreieren nach Omas authentischem Rezept ein<\/p>\n","protected":false},"featured_media":149076,"template":"","meta":{"_acf_changed":false},"product_brand":[],"product_cat":[88],"product_tag":[],"class_list":{"0":"post-149059","1":"product","2":"type-product","3":"status-publish","4":"has-post-thumbnail","6":"product_cat-non-alcoholic","8":"first","9":"instock","10":"taxable","11":"shipping-taxable","12":"purchasable","13":"product-type-variable","14":"has-default-attributes"},"acf":[],"_links":{"self":[{"href":"https:\/\/www.greekgourmet.ch\/de\/wp-json\/wp\/v2\/product\/149059","targetHints":{"allow":["GET"]}}],"collection":[{"href":"https:\/\/www.greekgourmet.ch\/de\/wp-json\/wp\/v2\/product"}],"about":[{"href":"https:\/\/www.greekgourmet.ch\/de\/wp-json\/wp\/v2\/types\/product"}],"wp:featuredmedia":[{"embeddable":true,"href":"https:\/\/www.greekgourmet.ch\/de\/wp-json\/wp\/v2\/media\/149076"}],"wp:attachment":[{"href":"https:\/\/www.greekgourmet.ch\/de\/wp-json\/wp\/v2\/media?parent=149059"}],"wp:term":[{"taxonomy":"product_brand","embeddable":true,"href":"https:\/\/www.greekgourmet.ch\/de\/wp-json\/wp\/v2\/product_brand?post=149059"},{"taxonomy":"product_cat","embeddable":true,"href":"https:\/\/www.greekgourmet.ch\/de\/wp-json\/wp\/v2\/product_cat?post=149059"},{"taxonomy":"product_tag","embeddable":true,"href":"https:\/\/www.greekgourmet.ch\/de\/wp-json\/wp\/v2\/product_tag?post=149059"}],"curies":[{"name":"wp","href":"https:\/\/api.w.org\/{rel}","templated":true}]}}