{"id":149053,"date":"2025-12-04T16:06:19","date_gmt":"2025-12-04T15:06:19","guid":{"rendered":"https:\/\/www.greekgourmet.ch\/produkte\/unkategorisiert\/epsa-limonade-mit-232ml\/"},"modified":"2026-04-21T12:15:59","modified_gmt":"2026-04-21T10:15:59","slug":"epsa-limonade-mit-232ml","status":"publish","type":"product","link":"https:\/\/www.greekgourmet.ch\/de\/produkte\/non-alcoholic\/epsa-limonade-mit-232ml\/","title":{"rendered":"EPSA Limonade MIT 232ml"},"content":{"rendered":"<p>Limonade<br \/>\nSeit \u00fcber 90 Jahren stellen wir die beste Limonade her! Unser Geheimnis ist das authentische Rezept, das seit neun Jahrzehnten geh\u00fctet wird! Hergestellt aus erstklassigen Zitronen, die wir in Griechenland ernten, f\u00fcr die anspruchsvollsten Genie\u00dfer. Wir bei EPSA sind stolz darauf, dass viele Generationen mit unserer Limonade aufgewachsen sind. Noch mehr freuen wir uns aber, weil wir wissen, dass ihre Frische und ihr unvergleichlicher Geschmack auch zuk\u00fcnftige Generationen begeistern werden. Lemonique (Einzigartige Limonade) \u2013 Qualit\u00e4t f\u00fcr immer!<\/p>\n<p>EPSA Limonade wurde von Jos\u00e9 Cuervo als ideale Zutat f\u00fcr den ber\u00fchmten Cocktail \u201eSqueeze\u201c ausgew\u00e4hlt. Die Zubereitung ist ganz einfach: 40 ml Jos\u00e9 Cuervo Silver in ein hohes Glas mit Eis, 10 ml frisch gepressten Limettensaft und EPSA Limonade.<\/p>\n","protected":false},"excerpt":{"rendered":"<p>Limonade Seit \u00fcber 90 Jahren stellen wir die beste Limonade her! Unser Geheimnis ist das authentische Rezept, das seit neun Jahrzehnten geh\u00fctet wird! Hergestellt aus erstklassigen Zitronen, die wir in Griechenland ernten, f\u00fcr die anspruchsvollsten Genie\u00dfer. Wir bei EPSA sind stolz darauf, dass viele Generationen mit unserer Limonade aufgewachsen sind. Noch mehr freuen wir uns<\/p>\n","protected":false},"featured_media":149391,"template":"","meta":{"_acf_changed":false},"product_brand":[],"product_cat":[88],"product_tag":[],"class_list":{"0":"post-149053","1":"product","2":"type-product","3":"status-publish","4":"has-post-thumbnail","6":"product_cat-non-alcoholic","8":"first","9":"instock","10":"taxable","11":"shipping-taxable","12":"purchasable","13":"product-type-variable","14":"has-default-attributes"},"acf":[],"_links":{"self":[{"href":"https:\/\/www.greekgourmet.ch\/de\/wp-json\/wp\/v2\/product\/149053","targetHints":{"allow":["GET"]}}],"collection":[{"href":"https:\/\/www.greekgourmet.ch\/de\/wp-json\/wp\/v2\/product"}],"about":[{"href":"https:\/\/www.greekgourmet.ch\/de\/wp-json\/wp\/v2\/types\/product"}],"wp:featuredmedia":[{"embeddable":true,"href":"https:\/\/www.greekgourmet.ch\/de\/wp-json\/wp\/v2\/media\/149391"}],"wp:attachment":[{"href":"https:\/\/www.greekgourmet.ch\/de\/wp-json\/wp\/v2\/media?parent=149053"}],"wp:term":[{"taxonomy":"product_brand","embeddable":true,"href":"https:\/\/www.greekgourmet.ch\/de\/wp-json\/wp\/v2\/product_brand?post=149053"},{"taxonomy":"product_cat","embeddable":true,"href":"https:\/\/www.greekgourmet.ch\/de\/wp-json\/wp\/v2\/product_cat?post=149053"},{"taxonomy":"product_tag","embeddable":true,"href":"https:\/\/www.greekgourmet.ch\/de\/wp-json\/wp\/v2\/product_tag?post=149053"}],"curies":[{"name":"wp","href":"https:\/\/api.w.org\/{rel}","templated":true}]}}