{"id":148883,"date":"2026-04-17T14:06:42","date_gmt":"2026-04-17T12:06:42","guid":{"rendered":"https:\/\/www.greekgourmet.ch\/produkte\/unkategorisiert\/roots-divino-bianco-70cl\/"},"modified":"2026-04-21T10:16:13","modified_gmt":"2026-04-21T08:16:13","slug":"roots-divino-bianco-70cl","status":"publish","type":"product","link":"https:\/\/www.greekgourmet.ch\/de\/produkte\/non-alcoholic\/roots-divino-bianco-70cl\/","title":{"rendered":"Roots Divino Bianco 70cl"},"content":{"rendered":"<p>ROOTS DIVINO sind alkoholfreie Aperitifs auf der Basis von Wein (di vino). Die Form des Heiligenscheins auf dem Etikett symbolisiert die &#8220;g\u00f6ttliche&#8221; Wirkung des Genusses eines Getr\u00e4nks ohne Alkohol.<\/p>\n<p>0 % alkoholfreie Aperitifs, die eine Geschichte zu erz\u00e4hlen haben.<\/p>\n<p>Wir gehen zur\u00fcck zu den Wurzeln der alten Kr\u00e4uterheilkunde und entdecken Rosmarin, Thymian und Wermut in einem frischen und sauren Aperitif Bianco aus Griechenland wieder.<\/p>\n<p>Geniessen Sie ihn auf Eis mit Tonic und einer Zitronenscheibe oder in einer alkoholfreien Schorle.<\/p>\n","protected":false},"excerpt":{"rendered":"<p>ROOTS DIVINO sind alkoholfreie Aperitifs auf der Basis von Wein (di vino). Die Form des Heiligenscheins auf dem Etikett symbolisiert die &#8220;g\u00f6ttliche&#8221; Wirkung des Genusses eines Getr\u00e4nks ohne Alkohol. 0 % alkoholfreie Aperitifs, die eine Geschichte zu erz\u00e4hlen haben. Wir gehen zur\u00fcck zu den Wurzeln der alten Kr\u00e4uterheilkunde und entdecken Rosmarin, Thymian und Wermut in<\/p>\n","protected":false},"featured_media":142519,"template":"","meta":{"_acf_changed":false},"product_brand":[],"product_cat":[88],"product_tag":[],"class_list":{"0":"post-148883","1":"product","2":"type-product","3":"status-publish","4":"has-post-thumbnail","6":"product_cat-non-alcoholic","8":"first","9":"instock","10":"taxable","11":"shipping-taxable","12":"purchasable","13":"product-type-variable","14":"has-default-attributes"},"acf":[],"_links":{"self":[{"href":"https:\/\/www.greekgourmet.ch\/de\/wp-json\/wp\/v2\/product\/148883","targetHints":{"allow":["GET"]}}],"collection":[{"href":"https:\/\/www.greekgourmet.ch\/de\/wp-json\/wp\/v2\/product"}],"about":[{"href":"https:\/\/www.greekgourmet.ch\/de\/wp-json\/wp\/v2\/types\/product"}],"wp:featuredmedia":[{"embeddable":true,"href":"https:\/\/www.greekgourmet.ch\/de\/wp-json\/wp\/v2\/media\/142519"}],"wp:attachment":[{"href":"https:\/\/www.greekgourmet.ch\/de\/wp-json\/wp\/v2\/media?parent=148883"}],"wp:term":[{"taxonomy":"product_brand","embeddable":true,"href":"https:\/\/www.greekgourmet.ch\/de\/wp-json\/wp\/v2\/product_brand?post=148883"},{"taxonomy":"product_cat","embeddable":true,"href":"https:\/\/www.greekgourmet.ch\/de\/wp-json\/wp\/v2\/product_cat?post=148883"},{"taxonomy":"product_tag","embeddable":true,"href":"https:\/\/www.greekgourmet.ch\/de\/wp-json\/wp\/v2\/product_tag?post=148883"}],"curies":[{"name":"wp","href":"https:\/\/api.w.org\/{rel}","templated":true}]}}