{"id":148854,"date":"2026-04-20T18:06:18","date_gmt":"2026-04-20T16:06:18","guid":{"rendered":"https:\/\/www.greekgourmet.ch\/produkte\/unkategorisiert\/latzimas-gold-extra-vergine-1l-tin\/"},"modified":"2026-04-24T22:16:00","modified_gmt":"2026-04-24T20:16:00","slug":"latzimas-gold-extra-vergine-1l-tin","status":"publish","type":"product","link":"https:\/\/www.greekgourmet.ch\/de\/produkte\/oel-balsamico\/latzimas-gold-extra-vergine-1l-tin\/","title":{"rendered":"Latzimas Gold Extra Vergine 1l &#8211; TIN"},"content":{"rendered":"<p>Natives Oliven\u00f6l der Serie Latzimas: Oliven\u00f6l bester Qualit\u00e4t mit einem reichen, fruchtigen, stechenden Geruch, aber auch einem charakteristischen bitteren Geschmack, dessen Gehalt an freien Fetts\u00e4uren, ausgedr\u00fcckt als \u00d6ls\u00e4ure, 0,8 g pro 100 g Oliven\u00f6l nicht \u00fcberschreitet (S\u00e4ure: 0 \u2013 0,8%).<\/p>\n","protected":false},"excerpt":{"rendered":"<p>Natives Oliven\u00f6l der Serie Latzimas: Oliven\u00f6l bester Qualit\u00e4t mit einem reichen, fruchtigen, stechenden Geruch, aber auch einem charakteristischen bitteren Geschmack, dessen Gehalt an freien Fetts\u00e4uren, ausgedr\u00fcckt als \u00d6ls\u00e4ure, 0,8 g pro 100 g Oliven\u00f6l nicht \u00fcberschreitet (S\u00e4ure: 0 \u2013 0,8%).<\/p>\n","protected":false},"featured_media":147502,"template":"","meta":{"_acf_changed":false},"product_brand":[],"product_cat":[911],"product_tag":[],"class_list":{"0":"post-148854","1":"product","2":"type-product","3":"status-publish","4":"has-post-thumbnail","6":"product_cat-oel-balsamico","8":"first","9":"instock","10":"taxable","11":"shipping-taxable","12":"purchasable","13":"product-type-variable","14":"has-default-attributes"},"acf":[],"_links":{"self":[{"href":"https:\/\/www.greekgourmet.ch\/de\/wp-json\/wp\/v2\/product\/148854","targetHints":{"allow":["GET"]}}],"collection":[{"href":"https:\/\/www.greekgourmet.ch\/de\/wp-json\/wp\/v2\/product"}],"about":[{"href":"https:\/\/www.greekgourmet.ch\/de\/wp-json\/wp\/v2\/types\/product"}],"wp:featuredmedia":[{"embeddable":true,"href":"https:\/\/www.greekgourmet.ch\/de\/wp-json\/wp\/v2\/media\/147502"}],"wp:attachment":[{"href":"https:\/\/www.greekgourmet.ch\/de\/wp-json\/wp\/v2\/media?parent=148854"}],"wp:term":[{"taxonomy":"product_brand","embeddable":true,"href":"https:\/\/www.greekgourmet.ch\/de\/wp-json\/wp\/v2\/product_brand?post=148854"},{"taxonomy":"product_cat","embeddable":true,"href":"https:\/\/www.greekgourmet.ch\/de\/wp-json\/wp\/v2\/product_cat?post=148854"},{"taxonomy":"product_tag","embeddable":true,"href":"https:\/\/www.greekgourmet.ch\/de\/wp-json\/wp\/v2\/product_tag?post=148854"}],"curies":[{"name":"wp","href":"https:\/\/api.w.org\/{rel}","templated":true}]}}