{"id":148745,"date":"2026-04-13T16:06:18","date_gmt":"2026-04-13T14:06:18","guid":{"rendered":"https:\/\/www.greekgourmet.ch\/produkte\/unkategorisiert\/domaine-skouras-peplo-pgi-2024-rose12-5-75cl\/"},"modified":"2026-04-20T02:16:20","modified_gmt":"2026-04-20T00:16:20","slug":"domaine-skouras-peplo-pgi-2024-rose12-5-75cl","status":"publish","type":"product","link":"https:\/\/www.greekgourmet.ch\/de\/produkte\/wein\/weinwelt\/domaine-skouras-peplo-pgi-2024-rose12-5-75cl\/","title":{"rendered":"Domaine Skouras Peplo PGI 2024 ros\u00e912.5% 75cl"},"content":{"rendered":"<p>Jede Sorte ist zu 1\/3 an Wein beteiligt. Agiorgitiko bleibt in Akazienf\u00e4ssern, Syrah reift auf seiner Hefe in einem Edelstahltank und Mavrofilero bleibt in Amphoren zusammen mit seiner Schalen f\u00fcr 4 Monate.<br \/>\nPeplo bedeutet Schleier. Ein Detail gab dem Wein seinen Namen. In die Amphoren getauchte Mavrofilero-Schalen befinden sich in einem Tuch, mit dessen Hilfe erstens die Extraktion besser kontrolliert wird und zweitens die Masse schlie\u00dflich von Hand gedr\u00fcckt wird, um den jungen Wein zu erhalten. Alle Weinberge liegen auf \u00fcber 600 m H\u00f6he.<\/p>\n","protected":false},"excerpt":{"rendered":"<p>Jede Sorte ist zu 1\/3 an Wein beteiligt. Agiorgitiko bleibt in Akazienf\u00e4ssern, Syrah reift auf seiner Hefe in einem Edelstahltank und Mavrofilero bleibt in Amphoren zusammen mit seiner Schalen f\u00fcr 4 Monate. Peplo bedeutet Schleier. Ein Detail gab dem Wein seinen Namen. In die Amphoren getauchte Mavrofilero-Schalen befinden sich in einem Tuch, mit dessen Hilfe<\/p>\n","protected":false},"featured_media":149245,"template":"","meta":{"_acf_changed":false},"product_brand":[],"product_cat":[461,894,896],"product_tag":[583,833,572],"class_list":{"0":"post-148745","1":"product","2":"type-product","3":"status-publish","4":"has-post-thumbnail","6":"product_cat-weinwelt","7":"product_cat-wein","8":"product_cat-rosewein","9":"product_tag-agiorgitiko","10":"product_tag-mavrofilero","11":"product_tag-syrah","13":"first","14":"instock","15":"taxable","16":"shipping-taxable","17":"purchasable","18":"product-type-variable","19":"has-default-attributes"},"acf":[],"_links":{"self":[{"href":"https:\/\/www.greekgourmet.ch\/de\/wp-json\/wp\/v2\/product\/148745","targetHints":{"allow":["GET"]}}],"collection":[{"href":"https:\/\/www.greekgourmet.ch\/de\/wp-json\/wp\/v2\/product"}],"about":[{"href":"https:\/\/www.greekgourmet.ch\/de\/wp-json\/wp\/v2\/types\/product"}],"wp:featuredmedia":[{"embeddable":true,"href":"https:\/\/www.greekgourmet.ch\/de\/wp-json\/wp\/v2\/media\/149245"}],"wp:attachment":[{"href":"https:\/\/www.greekgourmet.ch\/de\/wp-json\/wp\/v2\/media?parent=148745"}],"wp:term":[{"taxonomy":"product_brand","embeddable":true,"href":"https:\/\/www.greekgourmet.ch\/de\/wp-json\/wp\/v2\/product_brand?post=148745"},{"taxonomy":"product_cat","embeddable":true,"href":"https:\/\/www.greekgourmet.ch\/de\/wp-json\/wp\/v2\/product_cat?post=148745"},{"taxonomy":"product_tag","embeddable":true,"href":"https:\/\/www.greekgourmet.ch\/de\/wp-json\/wp\/v2\/product_tag?post=148745"}],"curies":[{"name":"wp","href":"https:\/\/api.w.org\/{rel}","templated":true}]}}