{"id":148646,"date":"2026-02-05T21:59:01","date_gmt":"2026-02-05T20:59:01","guid":{"rendered":"https:\/\/www.greekgourmet.ch\/produkte\/unkategorisiert\/tresors-de-grece-kandierte-nuesse-400g\/"},"modified":"2026-04-20T02:16:32","modified_gmt":"2026-04-20T00:16:32","slug":"tresors-de-grece-kandierte-nuesse-400g","status":"publish","type":"product","link":"https:\/\/www.greekgourmet.ch\/de\/produkte\/suesses\/weiteres\/tresors-de-grece-kandierte-nuesse-400g\/","title":{"rendered":"TRESORS DE GRECE &#8211; Kandierte N\u00fcsse 400g"},"content":{"rendered":"<p>TU KUTALI\u00da ist das griechische Wort f\u00fcr &#8220;L\u00f6ffels\u00fc\u00dfigkeiten&#8221; (frisches Obst, das in Wasser mit Zucker gekocht wird). &#8220;L\u00f6ffels\u00fc\u00dfigkeiten&#8221; sind traditionell ein Genuss f\u00fcr die G\u00e4ste; sowie eine nat\u00fcrliche Methode zur Konservierung von Fr\u00fcchten.100% griechische frische Fr\u00fcchte, gekocht in Wasser mit Zucker (eine traditionelle und nat\u00fcrliche Art der Obstkonservierung).<br \/>\nHandgefertigt auf der Insel Limnos.<\/p>\n","protected":false},"excerpt":{"rendered":"<p>TU KUTALI\u00da ist das griechische Wort f\u00fcr &#8220;L\u00f6ffels\u00fc\u00dfigkeiten&#8221; (frisches Obst, das in Wasser mit Zucker gekocht wird). &#8220;L\u00f6ffels\u00fc\u00dfigkeiten&#8221; sind traditionell ein Genuss f\u00fcr die G\u00e4ste; sowie eine nat\u00fcrliche Methode zur Konservierung von Fr\u00fcchten.100% griechische frische Fr\u00fcchte, gekocht in Wasser mit Zucker (eine traditionelle und nat\u00fcrliche Art der Obstkonservierung). Handgefertigt auf der Insel Limnos.<\/p>\n","protected":false},"featured_media":139216,"template":"","meta":{"_acf_changed":false},"product_brand":[],"product_cat":[74,96,94],"product_tag":[],"class_list":{"0":"post-148646","1":"product","2":"type-product","3":"status-publish","4":"has-post-thumbnail","6":"product_cat-suesses","7":"product_cat-weiteres","8":"product_cat-tresors-de-grece","10":"first","11":"instock","12":"taxable","13":"shipping-taxable","14":"purchasable","15":"product-type-variable","16":"has-default-attributes"},"acf":[],"_links":{"self":[{"href":"https:\/\/www.greekgourmet.ch\/de\/wp-json\/wp\/v2\/product\/148646","targetHints":{"allow":["GET"]}}],"collection":[{"href":"https:\/\/www.greekgourmet.ch\/de\/wp-json\/wp\/v2\/product"}],"about":[{"href":"https:\/\/www.greekgourmet.ch\/de\/wp-json\/wp\/v2\/types\/product"}],"wp:featuredmedia":[{"embeddable":true,"href":"https:\/\/www.greekgourmet.ch\/de\/wp-json\/wp\/v2\/media\/139216"}],"wp:attachment":[{"href":"https:\/\/www.greekgourmet.ch\/de\/wp-json\/wp\/v2\/media?parent=148646"}],"wp:term":[{"taxonomy":"product_brand","embeddable":true,"href":"https:\/\/www.greekgourmet.ch\/de\/wp-json\/wp\/v2\/product_brand?post=148646"},{"taxonomy":"product_cat","embeddable":true,"href":"https:\/\/www.greekgourmet.ch\/de\/wp-json\/wp\/v2\/product_cat?post=148646"},{"taxonomy":"product_tag","embeddable":true,"href":"https:\/\/www.greekgourmet.ch\/de\/wp-json\/wp\/v2\/product_tag?post=148646"}],"curies":[{"name":"wp","href":"https:\/\/api.w.org\/{rel}","templated":true}]}}