{"id":148569,"date":"2026-04-09T14:06:18","date_gmt":"2026-04-09T12:06:18","guid":{"rendered":"https:\/\/www.greekgourmet.ch\/produkte\/unkategorisiert\/gaia-assyrtiko-wild-ferment-2022-weiss-13-75cl\/"},"modified":"2026-05-01T22:15:57","modified_gmt":"2026-05-01T20:15:57","slug":"gaia-assyrtiko-wild-ferment-2022-weiss-13-75cl","status":"publish","type":"product","link":"https:\/\/www.greekgourmet.ch\/de\/produkte\/wein\/weinwelt\/gaia-assyrtiko-wild-ferment-2022-weiss-13-75cl\/","title":{"rendered":"Gaia Assyrtiko Wild Ferment 2022 weiss 13% 75cl"},"content":{"rendered":"<p>Dieser au\u00dfergew\u00f6hnliche Assyrtiko von Gaia Wild Ferment stammt ausschlie\u00dflich aus dem renommierten Weinberg Pyrgos, einer der angesehensten Lagen Santorins mit gesch\u00fctzter Ursprungsbezeichnung (g.U.). Die hier gereiften Assyrtiko-Trauben entwickeln ein reichhaltigeres und aromatischeres Profil als anderswo auf der Insel und bieten eine faszinierende Tiefe.<\/p>\n","protected":false},"excerpt":{"rendered":"<p>Dieser au\u00dfergew\u00f6hnliche Assyrtiko von Gaia Wild Ferment stammt ausschlie\u00dflich aus dem renommierten Weinberg Pyrgos, einer der angesehensten Lagen Santorins mit gesch\u00fctzter Ursprungsbezeichnung (g.U.). Die hier gereiften Assyrtiko-Trauben entwickeln ein reichhaltigeres und aromatischeres Profil als anderswo auf der Insel und bieten eine faszinierende Tiefe.<\/p>\n","protected":false},"featured_media":149758,"template":"","meta":{"_acf_changed":false},"product_brand":[],"product_cat":[461,894,895],"product_tag":[570],"class_list":{"0":"post-148569","1":"product","2":"type-product","3":"status-publish","4":"has-post-thumbnail","6":"product_cat-weinwelt","7":"product_cat-wein","8":"product_cat-weisswein","9":"product_tag-assyrtiko","11":"first","12":"instock","13":"taxable","14":"shipping-taxable","15":"purchasable","16":"product-type-variable","17":"has-default-attributes"},"acf":[],"_links":{"self":[{"href":"https:\/\/www.greekgourmet.ch\/de\/wp-json\/wp\/v2\/product\/148569","targetHints":{"allow":["GET"]}}],"collection":[{"href":"https:\/\/www.greekgourmet.ch\/de\/wp-json\/wp\/v2\/product"}],"about":[{"href":"https:\/\/www.greekgourmet.ch\/de\/wp-json\/wp\/v2\/types\/product"}],"wp:featuredmedia":[{"embeddable":true,"href":"https:\/\/www.greekgourmet.ch\/de\/wp-json\/wp\/v2\/media\/149758"}],"wp:attachment":[{"href":"https:\/\/www.greekgourmet.ch\/de\/wp-json\/wp\/v2\/media?parent=148569"}],"wp:term":[{"taxonomy":"product_brand","embeddable":true,"href":"https:\/\/www.greekgourmet.ch\/de\/wp-json\/wp\/v2\/product_brand?post=148569"},{"taxonomy":"product_cat","embeddable":true,"href":"https:\/\/www.greekgourmet.ch\/de\/wp-json\/wp\/v2\/product_cat?post=148569"},{"taxonomy":"product_tag","embeddable":true,"href":"https:\/\/www.greekgourmet.ch\/de\/wp-json\/wp\/v2\/product_tag?post=148569"}],"curies":[{"name":"wp","href":"https:\/\/api.w.org\/{rel}","templated":true}]}}