{"id":148554,"date":"2026-04-30T00:06:36","date_gmt":"2026-04-29T22:06:36","guid":{"rendered":"https:\/\/www.greekgourmet.ch\/produkte\/unkategorisiert\/santo-assyrtiko-100-2023-weiss-14-0-75cl\/"},"modified":"2026-05-15T14:16:07","modified_gmt":"2026-05-15T12:16:07","slug":"santo-assyrtiko-100-2023-weiss-13-75cl","status":"publish","type":"product","link":"https:\/\/www.greekgourmet.ch\/de\/produkte\/wein\/weinwelt\/santo-assyrtiko-100-2023-weiss-13-75cl\/","title":{"rendered":"Santo Assyrtiko 100% 2023 weiss 13% 75cl"},"content":{"rendered":"<p>Zitronenfarbe. In der Nase dominieren Zitrus- sowie diskrete Blumenaromen zusammen mit den charakteristischen mineralischen Assyrtiko-Untert\u00f6nen. Am Gaumen trocken, mit knackiger S\u00e4ure, untermalt von mineralischer, pikant-fruchtiger Note. Der Abgang offenbart Schichten von Zitrusfr\u00fcchten und Steinfr\u00fcchten sowie eine besonders salzige Meeresbrise.<\/p>\n","protected":false},"excerpt":{"rendered":"<p>Zitronenfarbe. In der Nase dominieren Zitrus- sowie diskrete Blumenaromen zusammen mit den charakteristischen mineralischen Assyrtiko-Untert\u00f6nen. Am Gaumen trocken, mit knackiger S\u00e4ure, untermalt von mineralischer, pikant-fruchtiger Note. Der Abgang offenbart Schichten von Zitrusfr\u00fcchten und Steinfr\u00fcchten sowie eine besonders salzige Meeresbrise.<\/p>\n","protected":false},"featured_media":142521,"template":"","meta":{"_acf_changed":false},"product_brand":[],"product_cat":[461,894,895],"product_tag":[570],"class_list":{"0":"post-148554","1":"product","2":"type-product","3":"status-publish","4":"has-post-thumbnail","6":"product_cat-weinwelt","7":"product_cat-wein","8":"product_cat-weisswein","9":"product_tag-assyrtiko","11":"first","12":"instock","13":"taxable","14":"shipping-taxable","15":"purchasable","16":"product-type-variable","17":"has-default-attributes"},"acf":[],"_links":{"self":[{"href":"https:\/\/www.greekgourmet.ch\/de\/wp-json\/wp\/v2\/product\/148554","targetHints":{"allow":["GET"]}}],"collection":[{"href":"https:\/\/www.greekgourmet.ch\/de\/wp-json\/wp\/v2\/product"}],"about":[{"href":"https:\/\/www.greekgourmet.ch\/de\/wp-json\/wp\/v2\/types\/product"}],"wp:featuredmedia":[{"embeddable":true,"href":"https:\/\/www.greekgourmet.ch\/de\/wp-json\/wp\/v2\/media\/142521"}],"wp:attachment":[{"href":"https:\/\/www.greekgourmet.ch\/de\/wp-json\/wp\/v2\/media?parent=148554"}],"wp:term":[{"taxonomy":"product_brand","embeddable":true,"href":"https:\/\/www.greekgourmet.ch\/de\/wp-json\/wp\/v2\/product_brand?post=148554"},{"taxonomy":"product_cat","embeddable":true,"href":"https:\/\/www.greekgourmet.ch\/de\/wp-json\/wp\/v2\/product_cat?post=148554"},{"taxonomy":"product_tag","embeddable":true,"href":"https:\/\/www.greekgourmet.ch\/de\/wp-json\/wp\/v2\/product_tag?post=148554"}],"curies":[{"name":"wp","href":"https:\/\/api.w.org\/{rel}","templated":true}]}}