{"id":148310,"date":"2026-03-26T10:07:39","date_gmt":"2026-03-26T09:07:39","guid":{"rendered":"https:\/\/www.greekgourmet.ch\/produkte\/unkategorisiert\/eva-mastic-tears-classic-24-70cl\/"},"modified":"2026-04-20T12:16:21","modified_gmt":"2026-04-20T10:16:21","slug":"eva-mastic-tears-classic-24-70cl","status":"publish","type":"product","link":"https:\/\/www.greekgourmet.ch\/de\/produkte\/ouzo-co\/mastiha\/eva-mastic-tears-classic-24-70cl\/","title":{"rendered":"EVA Mastic Tears Classic 24% 70cl"},"content":{"rendered":"<p>Eleganter aromatischer Mastix-Spirituosenlik\u00f6r mit einem s\u00fc\u00dfen und erfrischenden Nachgeschmack.<\/p>\n","protected":false},"excerpt":{"rendered":"<p>Eleganter aromatischer Mastix-Spirituosenlik\u00f6r mit einem s\u00fc\u00dfen und erfrischenden Nachgeschmack.<\/p>\n","protected":false},"featured_media":149354,"template":"","meta":{"_acf_changed":false},"product_brand":[],"product_cat":[901,904],"product_tag":[],"class_list":{"0":"post-148310","1":"product","2":"type-product","3":"status-publish","4":"has-post-thumbnail","6":"product_cat-ouzo-co","7":"product_cat-mastiha","9":"first","10":"instock","11":"taxable","12":"shipping-taxable","13":"purchasable","14":"product-type-variable","15":"has-default-attributes"},"acf":[],"_links":{"self":[{"href":"https:\/\/www.greekgourmet.ch\/de\/wp-json\/wp\/v2\/product\/148310","targetHints":{"allow":["GET"]}}],"collection":[{"href":"https:\/\/www.greekgourmet.ch\/de\/wp-json\/wp\/v2\/product"}],"about":[{"href":"https:\/\/www.greekgourmet.ch\/de\/wp-json\/wp\/v2\/types\/product"}],"wp:featuredmedia":[{"embeddable":true,"href":"https:\/\/www.greekgourmet.ch\/de\/wp-json\/wp\/v2\/media\/149354"}],"wp:attachment":[{"href":"https:\/\/www.greekgourmet.ch\/de\/wp-json\/wp\/v2\/media?parent=148310"}],"wp:term":[{"taxonomy":"product_brand","embeddable":true,"href":"https:\/\/www.greekgourmet.ch\/de\/wp-json\/wp\/v2\/product_brand?post=148310"},{"taxonomy":"product_cat","embeddable":true,"href":"https:\/\/www.greekgourmet.ch\/de\/wp-json\/wp\/v2\/product_cat?post=148310"},{"taxonomy":"product_tag","embeddable":true,"href":"https:\/\/www.greekgourmet.ch\/de\/wp-json\/wp\/v2\/product_tag?post=148310"}],"curies":[{"name":"wp","href":"https:\/\/api.w.org\/{rel}","templated":true}]}}