{"id":148138,"date":"2025-10-07T08:06:26","date_gmt":"2025-10-07T06:06:26","guid":{"rendered":"https:\/\/www.greekgourmet.ch\/produkte\/unkategorisiert\/xrisi-simi-filo-xoriatiko-650g\/"},"modified":"2026-04-24T22:16:06","modified_gmt":"2026-04-24T20:16:06","slug":"xrisi-simi-filo-xoriatiko-650g","status":"publish","type":"product","link":"https:\/\/www.greekgourmet.ch\/de\/produkte\/tiefgekuehltes\/filo-blaetterteig\/xrisi-simi-filo-xoriatiko-650g\/","title":{"rendered":"Xrisi Simi Filo Xoriatiko 650g"},"content":{"rendered":"<p>Traditionelle griechische dicke Filobl\u00e4tter, hergestellt aus ausgew\u00e4hlten Zutaten und extra nativem Oliven\u00f6l. Ideal f\u00fcr goldbraune hausgemachte Pasteten und Rezepte, die dickere Teigbl\u00e4tter erfordern!<br \/>\n&#8212; ohne Konservierungsstoffe &#8212;<br \/>\n&#8212; keine geh\u00e4rteten Fette und \u00d6le &#8212;<\/p>\n","protected":false},"excerpt":{"rendered":"<p>Traditionelle griechische dicke Filobl\u00e4tter, hergestellt aus ausgew\u00e4hlten Zutaten und extra nativem Oliven\u00f6l. Ideal f\u00fcr goldbraune hausgemachte Pasteten und Rezepte, die dickere Teigbl\u00e4tter erfordern! &#8212; ohne Konservierungsstoffe &#8212; &#8212; keine geh\u00e4rteten Fette und \u00d6le &#8212;<\/p>\n","protected":false},"featured_media":139482,"template":"","meta":{"_acf_changed":false},"product_brand":[],"product_cat":[920,919],"product_tag":[],"class_list":{"0":"post-148138","1":"product","2":"type-product","3":"status-publish","4":"has-post-thumbnail","6":"product_cat-filo-blaetterteig","7":"product_cat-tiefgekuehltes","9":"first","10":"instock","11":"taxable","12":"shipping-taxable","13":"purchasable","14":"product-type-variable","15":"has-default-attributes"},"acf":[],"_links":{"self":[{"href":"https:\/\/www.greekgourmet.ch\/de\/wp-json\/wp\/v2\/product\/148138","targetHints":{"allow":["GET"]}}],"collection":[{"href":"https:\/\/www.greekgourmet.ch\/de\/wp-json\/wp\/v2\/product"}],"about":[{"href":"https:\/\/www.greekgourmet.ch\/de\/wp-json\/wp\/v2\/types\/product"}],"wp:featuredmedia":[{"embeddable":true,"href":"https:\/\/www.greekgourmet.ch\/de\/wp-json\/wp\/v2\/media\/139482"}],"wp:attachment":[{"href":"https:\/\/www.greekgourmet.ch\/de\/wp-json\/wp\/v2\/media?parent=148138"}],"wp:term":[{"taxonomy":"product_brand","embeddable":true,"href":"https:\/\/www.greekgourmet.ch\/de\/wp-json\/wp\/v2\/product_brand?post=148138"},{"taxonomy":"product_cat","embeddable":true,"href":"https:\/\/www.greekgourmet.ch\/de\/wp-json\/wp\/v2\/product_cat?post=148138"},{"taxonomy":"product_tag","embeddable":true,"href":"https:\/\/www.greekgourmet.ch\/de\/wp-json\/wp\/v2\/product_tag?post=148138"}],"curies":[{"name":"wp","href":"https:\/\/api.w.org\/{rel}","templated":true}]}}