{"id":148015,"date":"2025-08-25T20:06:13","date_gmt":"2025-08-25T18:06:13","guid":{"rendered":"https:\/\/www.greekgourmet.ch\/produkte\/unkategorisiert\/cavino-ionos-rose-11-5-2l\/"},"modified":"2026-04-24T22:15:57","modified_gmt":"2026-04-24T20:15:57","slug":"cavino-ionos-rose-11-5-2l","status":"publish","type":"product","link":"https:\/\/www.greekgourmet.ch\/de\/produkte\/wein\/weinwelt\/cavino-ionos-rose-11-5-2l\/","title":{"rendered":"Cavino Ionos ros\u00e9 11.5% 2l"},"content":{"rendered":"<p>Trockener Ros\u00e9wein aus ausgew\u00e4hlten Rebsorten von den Weinbergen in den<br \/>\ngro\u00dfen H\u00f6hen von Achaia. Gl\u00e4nzende ros\u00e9 Farbe mit Aromen von Blumen und Erdbeeren, ausgewogen und fruchtig am Gaumen.<\/p>\n","protected":false},"excerpt":{"rendered":"<p>Trockener Ros\u00e9wein aus ausgew\u00e4hlten Rebsorten von den Weinbergen in den gro\u00dfen H\u00f6hen von Achaia. Gl\u00e4nzende ros\u00e9 Farbe mit Aromen von Blumen und Erdbeeren, ausgewogen und fruchtig am Gaumen.<\/p>\n","protected":false},"featured_media":148103,"template":"","meta":{"_acf_changed":false},"product_brand":[],"product_cat":[461,896,894],"product_tag":[588,572],"class_list":{"0":"post-148015","1":"product","2":"type-product","3":"status-publish","4":"has-post-thumbnail","6":"product_cat-weinwelt","7":"product_cat-rosewein","8":"product_cat-wein","9":"product_tag-roditis","10":"product_tag-syrah","12":"first","13":"instock","14":"taxable","15":"shipping-taxable","16":"purchasable","17":"product-type-variable","18":"has-default-attributes"},"acf":[],"_links":{"self":[{"href":"https:\/\/www.greekgourmet.ch\/de\/wp-json\/wp\/v2\/product\/148015","targetHints":{"allow":["GET"]}}],"collection":[{"href":"https:\/\/www.greekgourmet.ch\/de\/wp-json\/wp\/v2\/product"}],"about":[{"href":"https:\/\/www.greekgourmet.ch\/de\/wp-json\/wp\/v2\/types\/product"}],"wp:featuredmedia":[{"embeddable":true,"href":"https:\/\/www.greekgourmet.ch\/de\/wp-json\/wp\/v2\/media\/148103"}],"wp:attachment":[{"href":"https:\/\/www.greekgourmet.ch\/de\/wp-json\/wp\/v2\/media?parent=148015"}],"wp:term":[{"taxonomy":"product_brand","embeddable":true,"href":"https:\/\/www.greekgourmet.ch\/de\/wp-json\/wp\/v2\/product_brand?post=148015"},{"taxonomy":"product_cat","embeddable":true,"href":"https:\/\/www.greekgourmet.ch\/de\/wp-json\/wp\/v2\/product_cat?post=148015"},{"taxonomy":"product_tag","embeddable":true,"href":"https:\/\/www.greekgourmet.ch\/de\/wp-json\/wp\/v2\/product_tag?post=148015"}],"curies":[{"name":"wp","href":"https:\/\/api.w.org\/{rel}","templated":true}]}}