{"id":147910,"date":"2026-04-17T16:06:38","date_gmt":"2026-04-17T14:06:38","guid":{"rendered":"https:\/\/www.greekgourmet.ch\/produkte\/unkategorisiert\/lazaridi-domaine-rose-2024-12-5-75cl\/"},"modified":"2026-04-20T00:16:31","modified_gmt":"2026-04-19T22:16:31","slug":"lazaridi-domaine-rose-2024-12-5-75cl","status":"publish","type":"product","link":"https:\/\/www.greekgourmet.ch\/de\/produkte\/wein\/weinwelt\/lazaridi-domaine-rose-2024-12-5-75cl\/","title":{"rendered":"Lazaridi Domaine ros\u00e9 2024 12.5% 75cl"},"content":{"rendered":"<p>Aus Drama\u00b4s kraftvollem Weinberg in Adriani wurden 3 Sorten sorgf\u00e4ltig ausgew\u00e4hlt, um dieses emblematische Ros\u00e9 zu komponieren! Seine kristallklare leuchtende Farbe und seine verf\u00fchrerischen Aromen beeindrucken vom ersten Moment an!<\/p>\n","protected":false},"excerpt":{"rendered":"<p>Aus Drama\u00b4s kraftvollem Weinberg in Adriani wurden 3 Sorten sorgf\u00e4ltig ausgew\u00e4hlt, um dieses emblematische Ros\u00e9 zu komponieren! Seine kristallklare leuchtende Farbe und seine verf\u00fchrerischen Aromen beeindrucken vom ersten Moment an!<\/p>\n","protected":false},"featured_media":138732,"template":"","meta":{"_acf_changed":false},"product_brand":[],"product_cat":[461,894,896],"product_tag":[583,590,586],"class_list":{"0":"post-147910","1":"product","2":"type-product","3":"status-publish","4":"has-post-thumbnail","6":"product_cat-weinwelt","7":"product_cat-wein","8":"product_cat-rosewein","9":"product_tag-agiorgitiko","10":"product_tag-grenache","11":"product_tag-merlot","13":"first","14":"instock","15":"taxable","16":"shipping-taxable","17":"purchasable","18":"product-type-variable","19":"has-default-attributes"},"acf":[],"_links":{"self":[{"href":"https:\/\/www.greekgourmet.ch\/de\/wp-json\/wp\/v2\/product\/147910","targetHints":{"allow":["GET"]}}],"collection":[{"href":"https:\/\/www.greekgourmet.ch\/de\/wp-json\/wp\/v2\/product"}],"about":[{"href":"https:\/\/www.greekgourmet.ch\/de\/wp-json\/wp\/v2\/types\/product"}],"wp:featuredmedia":[{"embeddable":true,"href":"https:\/\/www.greekgourmet.ch\/de\/wp-json\/wp\/v2\/media\/138732"}],"wp:attachment":[{"href":"https:\/\/www.greekgourmet.ch\/de\/wp-json\/wp\/v2\/media?parent=147910"}],"wp:term":[{"taxonomy":"product_brand","embeddable":true,"href":"https:\/\/www.greekgourmet.ch\/de\/wp-json\/wp\/v2\/product_brand?post=147910"},{"taxonomy":"product_cat","embeddable":true,"href":"https:\/\/www.greekgourmet.ch\/de\/wp-json\/wp\/v2\/product_cat?post=147910"},{"taxonomy":"product_tag","embeddable":true,"href":"https:\/\/www.greekgourmet.ch\/de\/wp-json\/wp\/v2\/product_tag?post=147910"}],"curies":[{"name":"wp","href":"https:\/\/api.w.org\/{rel}","templated":true}]}}