{"id":147771,"date":"2026-04-09T10:06:40","date_gmt":"2026-04-09T08:06:40","guid":{"rendered":"https:\/\/www.greekgourmet.ch\/produkte\/unkategorisiert\/zanae-toursi-660g\/"},"modified":"2026-04-20T12:16:38","modified_gmt":"2026-04-20T10:16:38","slug":"zanae-geroestete-pfefferoni-660g","status":"publish","type":"product","link":"https:\/\/www.greekgourmet.ch\/de\/produkte\/greek-traditional\/eingelegtes-gemuese-nicht-gekuehlt\/zanae-geroestete-pfefferoni-660g\/","title":{"rendered":"Zanae Ger\u00f6stete Pfefferoni 660g"},"content":{"rendered":"<p>Milde makedonische Peperoni in Salz &#8211; Weinessiglake eingelegt. Die mittelgro\u00dfen Schoten werden nach der Ernte sorgf\u00e4ltig sortiert und in eine feinw\u00fcrzige Lake eingelegt. Peperoni sind Klassiker der mediterranen Esskultur.<\/p>\n","protected":false},"excerpt":{"rendered":"<p>Milde makedonische Peperoni in Salz &#8211; Weinessiglake eingelegt. Die mittelgro\u00dfen Schoten werden nach der Ernte sorgf\u00e4ltig sortiert und in eine feinw\u00fcrzige Lake eingelegt. Peperoni sind Klassiker der mediterranen Esskultur.<\/p>\n","protected":false},"featured_media":139564,"template":"","meta":{"_acf_changed":false},"product_brand":[],"product_cat":[926,69],"product_tag":[],"class_list":{"0":"post-147771","1":"product","2":"type-product","3":"status-publish","4":"has-post-thumbnail","6":"product_cat-greek-traditional","7":"product_cat-eingelegtes-gemuese-nicht-gekuehlt","9":"first","10":"instock","11":"taxable","12":"shipping-taxable","13":"purchasable","14":"product-type-variable","15":"has-default-attributes"},"acf":[],"_links":{"self":[{"href":"https:\/\/www.greekgourmet.ch\/de\/wp-json\/wp\/v2\/product\/147771","targetHints":{"allow":["GET"]}}],"collection":[{"href":"https:\/\/www.greekgourmet.ch\/de\/wp-json\/wp\/v2\/product"}],"about":[{"href":"https:\/\/www.greekgourmet.ch\/de\/wp-json\/wp\/v2\/types\/product"}],"wp:featuredmedia":[{"embeddable":true,"href":"https:\/\/www.greekgourmet.ch\/de\/wp-json\/wp\/v2\/media\/139564"}],"wp:attachment":[{"href":"https:\/\/www.greekgourmet.ch\/de\/wp-json\/wp\/v2\/media?parent=147771"}],"wp:term":[{"taxonomy":"product_brand","embeddable":true,"href":"https:\/\/www.greekgourmet.ch\/de\/wp-json\/wp\/v2\/product_brand?post=147771"},{"taxonomy":"product_cat","embeddable":true,"href":"https:\/\/www.greekgourmet.ch\/de\/wp-json\/wp\/v2\/product_cat?post=147771"},{"taxonomy":"product_tag","embeddable":true,"href":"https:\/\/www.greekgourmet.ch\/de\/wp-json\/wp\/v2\/product_tag?post=147771"}],"curies":[{"name":"wp","href":"https:\/\/api.w.org\/{rel}","templated":true}]}}