{"id":147709,"date":"2026-04-08T16:06:36","date_gmt":"2026-04-08T14:06:36","guid":{"rendered":"https:\/\/www.greekgourmet.ch\/produkte\/unkategorisiert\/lazaridi-ch-julia-agiorgitiko-2021-rot-13-5-75cl\/"},"modified":"2026-04-20T20:16:12","modified_gmt":"2026-04-20T18:16:12","slug":"lazaridi-ch-julia-agiorgitiko-2021-rot-13-5-75cl","status":"publish","type":"product","link":"https:\/\/www.greekgourmet.ch\/de\/produkte\/wein\/weinwelt\/lazaridi-ch-julia-agiorgitiko-2021-rot-13-5-75cl\/","title":{"rendered":"Lazaridi Ch Julia Agiorgitiko 2021 rot 13.5% 75cl"},"content":{"rendered":"<p>Gepflanzt 1998 am Fu\u00dfe des Berges Menikio in Kali Vrisi. Nach zwanzigj\u00e4hriger Kultivierung werden die M\u00f6glichkeiten dieser Sorte durch die Kombination des einzigartigen Terroirs Dramas und der modernen weinbaulichen und \u00f6nologischen Praktiken erweitert.<\/p>\n","protected":false},"excerpt":{"rendered":"<p>Gepflanzt 1998 am Fu\u00dfe des Berges Menikio in Kali Vrisi. Nach zwanzigj\u00e4hriger Kultivierung werden die M\u00f6glichkeiten dieser Sorte durch die Kombination des einzigartigen Terroirs Dramas und der modernen weinbaulichen und \u00f6nologischen Praktiken erweitert.<\/p>\n","protected":false},"featured_media":138710,"template":"","meta":{"_acf_changed":false},"product_brand":[],"product_cat":[461,466,894],"product_tag":[],"class_list":{"0":"post-147709","1":"product","2":"type-product","3":"status-publish","4":"has-post-thumbnail","6":"product_cat-weinwelt","7":"product_cat-rotwein","8":"product_cat-wein","10":"first","11":"instock","12":"taxable","13":"shipping-taxable","14":"purchasable","15":"product-type-variable","16":"has-default-attributes"},"acf":[],"_links":{"self":[{"href":"https:\/\/www.greekgourmet.ch\/de\/wp-json\/wp\/v2\/product\/147709","targetHints":{"allow":["GET"]}}],"collection":[{"href":"https:\/\/www.greekgourmet.ch\/de\/wp-json\/wp\/v2\/product"}],"about":[{"href":"https:\/\/www.greekgourmet.ch\/de\/wp-json\/wp\/v2\/types\/product"}],"wp:featuredmedia":[{"embeddable":true,"href":"https:\/\/www.greekgourmet.ch\/de\/wp-json\/wp\/v2\/media\/138710"}],"wp:attachment":[{"href":"https:\/\/www.greekgourmet.ch\/de\/wp-json\/wp\/v2\/media?parent=147709"}],"wp:term":[{"taxonomy":"product_brand","embeddable":true,"href":"https:\/\/www.greekgourmet.ch\/de\/wp-json\/wp\/v2\/product_brand?post=147709"},{"taxonomy":"product_cat","embeddable":true,"href":"https:\/\/www.greekgourmet.ch\/de\/wp-json\/wp\/v2\/product_cat?post=147709"},{"taxonomy":"product_tag","embeddable":true,"href":"https:\/\/www.greekgourmet.ch\/de\/wp-json\/wp\/v2\/product_tag?post=147709"}],"curies":[{"name":"wp","href":"https:\/\/api.w.org\/{rel}","templated":true}]}}