{"id":147699,"date":"2026-05-04T12:06:31","date_gmt":"2026-05-04T10:06:31","guid":{"rendered":"https:\/\/www.greekgourmet.ch\/produkte\/unkategorisiert\/santo-grande-reserve-pdo-weiss-2022-14-75cl\/"},"modified":"2026-05-15T14:16:07","modified_gmt":"2026-05-15T12:16:07","slug":"santo-grande-reserve-pdo-weiss-2022-14-75cl","status":"publish","type":"product","link":"https:\/\/www.greekgourmet.ch\/de\/produkte\/wein\/weinwelt\/santo-grande-reserve-pdo-weiss-2022-14-75cl\/","title":{"rendered":"Santo Grande Reserve PDO weiss 2022 14% 75cl"},"content":{"rendered":"<p>Goldene Farbe. Voller K\u00f6rper. Ein komplexes Bouquet von getrockneten N\u00fcssen, Honig, Kr\u00e4utern, Tee, Vanille und Toast. Reiche Aromen von reifen Zitrusfr\u00fcchten, s\u00fc\u00dfen Gew\u00fcrzen und Zedernholz. Gut definierte Struktur, lebendige S\u00e4ure und ein Hauch von Salzigkeit tragen zu einem langen Finale bei. Langes Alterungspotenzial.<\/p>\n","protected":false},"excerpt":{"rendered":"<p>Goldene Farbe. Voller K\u00f6rper. Ein komplexes Bouquet von getrockneten N\u00fcssen, Honig, Kr\u00e4utern, Tee, Vanille und Toast. Reiche Aromen von reifen Zitrusfr\u00fcchten, s\u00fc\u00dfen Gew\u00fcrzen und Zedernholz. Gut definierte Struktur, lebendige S\u00e4ure und ein Hauch von Salzigkeit tragen zu einem langen Finale bei. Langes Alterungspotenzial.<\/p>\n","protected":false},"featured_media":142539,"template":"","meta":{"_acf_changed":false},"product_brand":[],"product_cat":[461,894,895],"product_tag":[570],"class_list":{"0":"post-147699","1":"product","2":"type-product","3":"status-publish","4":"has-post-thumbnail","6":"product_cat-weinwelt","7":"product_cat-wein","8":"product_cat-weisswein","9":"product_tag-assyrtiko","11":"first","12":"instock","13":"taxable","14":"shipping-taxable","15":"purchasable","16":"product-type-variable","17":"has-default-attributes"},"acf":[],"_links":{"self":[{"href":"https:\/\/www.greekgourmet.ch\/de\/wp-json\/wp\/v2\/product\/147699","targetHints":{"allow":["GET"]}}],"collection":[{"href":"https:\/\/www.greekgourmet.ch\/de\/wp-json\/wp\/v2\/product"}],"about":[{"href":"https:\/\/www.greekgourmet.ch\/de\/wp-json\/wp\/v2\/types\/product"}],"wp:featuredmedia":[{"embeddable":true,"href":"https:\/\/www.greekgourmet.ch\/de\/wp-json\/wp\/v2\/media\/142539"}],"wp:attachment":[{"href":"https:\/\/www.greekgourmet.ch\/de\/wp-json\/wp\/v2\/media?parent=147699"}],"wp:term":[{"taxonomy":"product_brand","embeddable":true,"href":"https:\/\/www.greekgourmet.ch\/de\/wp-json\/wp\/v2\/product_brand?post=147699"},{"taxonomy":"product_cat","embeddable":true,"href":"https:\/\/www.greekgourmet.ch\/de\/wp-json\/wp\/v2\/product_cat?post=147699"},{"taxonomy":"product_tag","embeddable":true,"href":"https:\/\/www.greekgourmet.ch\/de\/wp-json\/wp\/v2\/product_tag?post=147699"}],"curies":[{"name":"wp","href":"https:\/\/api.w.org\/{rel}","templated":true}]}}