{"id":147661,"date":"2026-04-09T10:06:18","date_gmt":"2026-04-09T08:06:18","guid":{"rendered":"https:\/\/www.greekgourmet.ch\/produkte\/unkategorisiert\/domaine-skouras-megas-oenos-pgi-2022-rot-75cl\/"},"modified":"2026-04-20T18:16:21","modified_gmt":"2026-04-20T16:16:21","slug":"domaine-skouras-megas-oenos-pgi-2022-rot-75cl","status":"publish","type":"product","link":"https:\/\/www.greekgourmet.ch\/de\/produkte\/wein\/weinwelt\/domaine-skouras-megas-oenos-pgi-2022-rot-75cl\/","title":{"rendered":"Domaine Skouras Megas Oenos PGI 2022 rot 75cl"},"content":{"rendered":"<p>Geg\u00e4rt und gemaischt in Edelstahltanks. Volle malolaktische G\u00e4rung in Eiche und Reifung in neuen franz\u00f6sischen Barriques f\u00fcr 18 Monate und nochmals 6 Monate in der Flasche. Reife rote Fr\u00fcchte, Brombeeren, Kirschen, Weichseln, s\u00fcsse Gew\u00fcrze und Nelken, Tabak. Raffiniert, elegant, komplex.<\/p>\n","protected":false},"excerpt":{"rendered":"<p>Geg\u00e4rt und gemaischt in Edelstahltanks. Volle malolaktische G\u00e4rung in Eiche und Reifung in neuen franz\u00f6sischen Barriques f\u00fcr 18 Monate und nochmals 6 Monate in der Flasche. Reife rote Fr\u00fcchte, Brombeeren, Kirschen, Weichseln, s\u00fcsse Gew\u00fcrze und Nelken, Tabak. Raffiniert, elegant, komplex.<\/p>\n","protected":false},"featured_media":145230,"template":"","meta":{"_acf_changed":false},"product_brand":[],"product_cat":[461,894,466],"product_tag":[583,569],"class_list":{"0":"post-147661","1":"product","2":"type-product","3":"status-publish","4":"has-post-thumbnail","6":"product_cat-weinwelt","7":"product_cat-wein","8":"product_cat-rotwein","9":"product_tag-agiorgitiko","10":"product_tag-cabernet-sauvignon","12":"first","13":"instock","14":"taxable","15":"shipping-taxable","16":"purchasable","17":"product-type-variable","18":"has-default-attributes"},"acf":[],"_links":{"self":[{"href":"https:\/\/www.greekgourmet.ch\/de\/wp-json\/wp\/v2\/product\/147661","targetHints":{"allow":["GET"]}}],"collection":[{"href":"https:\/\/www.greekgourmet.ch\/de\/wp-json\/wp\/v2\/product"}],"about":[{"href":"https:\/\/www.greekgourmet.ch\/de\/wp-json\/wp\/v2\/types\/product"}],"wp:featuredmedia":[{"embeddable":true,"href":"https:\/\/www.greekgourmet.ch\/de\/wp-json\/wp\/v2\/media\/145230"}],"wp:attachment":[{"href":"https:\/\/www.greekgourmet.ch\/de\/wp-json\/wp\/v2\/media?parent=147661"}],"wp:term":[{"taxonomy":"product_brand","embeddable":true,"href":"https:\/\/www.greekgourmet.ch\/de\/wp-json\/wp\/v2\/product_brand?post=147661"},{"taxonomy":"product_cat","embeddable":true,"href":"https:\/\/www.greekgourmet.ch\/de\/wp-json\/wp\/v2\/product_cat?post=147661"},{"taxonomy":"product_tag","embeddable":true,"href":"https:\/\/www.greekgourmet.ch\/de\/wp-json\/wp\/v2\/product_tag?post=147661"}],"curies":[{"name":"wp","href":"https:\/\/api.w.org\/{rel}","templated":true}]}}