{"id":147562,"date":"2025-03-13T16:06:15","date_gmt":"2025-03-13T15:06:15","guid":{"rendered":"https:\/\/www.greekgourmet.ch\/produkte\/unkategorisiert\/kreta-food-entelia-extra-pgi-hania-500ml\/"},"modified":"2026-04-22T14:16:11","modified_gmt":"2026-04-22T12:16:11","slug":"kreta-food-entelia-extra-pgi-hania-500ml","status":"publish","type":"product","link":"https:\/\/www.greekgourmet.ch\/de\/produkte\/oel-balsamico\/kreta-food-entelia-extra-pgi-hania-500ml\/","title":{"rendered":"Kreta Food Entelia Extra PGI Hania 500ml"},"content":{"rendered":"<p>Entelia ist ein speziell ausgew\u00e4hltes Premium-Oliven\u00f6l extra vergine, das aus handverlesenen, sortenreinen Koroneiki-Oliven hergestellt wird, die in den H\u00fcgeln Westkretas angebaut wurden. Dieses \u00d6l ist fruchtig mit starken Geschmacksnoten von geschnittenem Gras, Tomaten und gr\u00fcnen \u00c4pfeln.<\/p>\n<p>Der Geschmack ist frisch und leicht bitter und ein w\u00fcrziger Abgang.<\/p>\n","protected":false},"excerpt":{"rendered":"<p>Entelia ist ein speziell ausgew\u00e4hltes Premium-Oliven\u00f6l extra vergine, das aus handverlesenen, sortenreinen Koroneiki-Oliven hergestellt wird, die in den H\u00fcgeln Westkretas angebaut wurden. Dieses \u00d6l ist fruchtig mit starken Geschmacksnoten von geschnittenem Gras, Tomaten und gr\u00fcnen \u00c4pfeln. Der Geschmack ist frisch und leicht bitter und ein w\u00fcrziger Abgang.<\/p>\n","protected":false},"featured_media":142509,"template":"","meta":{"_acf_changed":false},"product_brand":[],"product_cat":[911],"product_tag":[],"class_list":{"0":"post-147562","1":"product","2":"type-product","3":"status-publish","4":"has-post-thumbnail","6":"product_cat-oel-balsamico","8":"first","9":"instock","10":"taxable","11":"shipping-taxable","12":"purchasable","13":"product-type-variable","14":"has-default-attributes"},"acf":[],"_links":{"self":[{"href":"https:\/\/www.greekgourmet.ch\/de\/wp-json\/wp\/v2\/product\/147562","targetHints":{"allow":["GET"]}}],"collection":[{"href":"https:\/\/www.greekgourmet.ch\/de\/wp-json\/wp\/v2\/product"}],"about":[{"href":"https:\/\/www.greekgourmet.ch\/de\/wp-json\/wp\/v2\/types\/product"}],"wp:featuredmedia":[{"embeddable":true,"href":"https:\/\/www.greekgourmet.ch\/de\/wp-json\/wp\/v2\/media\/142509"}],"wp:attachment":[{"href":"https:\/\/www.greekgourmet.ch\/de\/wp-json\/wp\/v2\/media?parent=147562"}],"wp:term":[{"taxonomy":"product_brand","embeddable":true,"href":"https:\/\/www.greekgourmet.ch\/de\/wp-json\/wp\/v2\/product_brand?post=147562"},{"taxonomy":"product_cat","embeddable":true,"href":"https:\/\/www.greekgourmet.ch\/de\/wp-json\/wp\/v2\/product_cat?post=147562"},{"taxonomy":"product_tag","embeddable":true,"href":"https:\/\/www.greekgourmet.ch\/de\/wp-json\/wp\/v2\/product_tag?post=147562"}],"curies":[{"name":"wp","href":"https:\/\/api.w.org\/{rel}","templated":true}]}}