{"id":147467,"date":"2026-04-15T08:06:12","date_gmt":"2026-04-15T06:06:12","guid":{"rendered":"https:\/\/www.greekgourmet.ch\/produkte\/unkategorisiert\/alpha-xinomavro-2024-rose-75cl\/"},"modified":"2026-04-20T02:16:16","modified_gmt":"2026-04-20T00:16:16","slug":"alpha-xinomavro-2024-rose-75cl","status":"publish","type":"product","link":"https:\/\/www.greekgourmet.ch\/de\/produkte\/wein\/weinwelt\/alpha-xinomavro-2024-rose-75cl\/","title":{"rendered":"Alpha Xinomavro 2024 ros\u00e9 75cl"},"content":{"rendered":"<p>Es w\u00e4re sehr schwer, wenn der einzigartige Ros\u00e9wein des Weinguts ALFA nicht mindestens exzellent w\u00e4re. Er ist ein herrlicher und moderner Wein aus 100 % Xinomavro-Trauben, der mit unvergleichlicher Sorgfalt und Hingabe vinifiziert wurde und dazu einl\u00e4dt, in unseren sch\u00f6nsten Momenten genossen zu werden.<\/p>\n","protected":false},"excerpt":{"rendered":"<p>Es w\u00e4re sehr schwer, wenn der einzigartige Ros\u00e9wein des Weinguts ALFA nicht mindestens exzellent w\u00e4re. Er ist ein herrlicher und moderner Wein aus 100 % Xinomavro-Trauben, der mit unvergleichlicher Sorgfalt und Hingabe vinifiziert wurde und dazu einl\u00e4dt, in unseren sch\u00f6nsten Momenten genossen zu werden.<\/p>\n","protected":false},"featured_media":142237,"template":"","meta":{"_acf_changed":false},"product_brand":[],"product_cat":[461,894,896],"product_tag":[565],"class_list":{"0":"post-147467","1":"product","2":"type-product","3":"status-publish","4":"has-post-thumbnail","6":"product_cat-weinwelt","7":"product_cat-wein","8":"product_cat-rosewein","9":"product_tag-xinomavro","11":"first","12":"instock","13":"taxable","14":"shipping-taxable","15":"purchasable","16":"product-type-variable","17":"has-default-attributes"},"acf":[],"_links":{"self":[{"href":"https:\/\/www.greekgourmet.ch\/de\/wp-json\/wp\/v2\/product\/147467","targetHints":{"allow":["GET"]}}],"collection":[{"href":"https:\/\/www.greekgourmet.ch\/de\/wp-json\/wp\/v2\/product"}],"about":[{"href":"https:\/\/www.greekgourmet.ch\/de\/wp-json\/wp\/v2\/types\/product"}],"wp:featuredmedia":[{"embeddable":true,"href":"https:\/\/www.greekgourmet.ch\/de\/wp-json\/wp\/v2\/media\/142237"}],"wp:attachment":[{"href":"https:\/\/www.greekgourmet.ch\/de\/wp-json\/wp\/v2\/media?parent=147467"}],"wp:term":[{"taxonomy":"product_brand","embeddable":true,"href":"https:\/\/www.greekgourmet.ch\/de\/wp-json\/wp\/v2\/product_brand?post=147467"},{"taxonomy":"product_cat","embeddable":true,"href":"https:\/\/www.greekgourmet.ch\/de\/wp-json\/wp\/v2\/product_cat?post=147467"},{"taxonomy":"product_tag","embeddable":true,"href":"https:\/\/www.greekgourmet.ch\/de\/wp-json\/wp\/v2\/product_tag?post=147467"}],"curies":[{"name":"wp","href":"https:\/\/api.w.org\/{rel}","templated":true}]}}