{"id":147293,"date":"2026-04-20T10:06:12","date_gmt":"2026-04-20T08:06:12","guid":{"rendered":"https:\/\/www.greekgourmet.ch\/produkte\/unkategorisiert\/anatolikos-mv-rot-2021-14-75cl-bio\/"},"modified":"2026-04-25T20:17:45","modified_gmt":"2026-04-25T18:17:45","slug":"anatolikos-mv-rot-2021-14-75cl-bio","status":"publish","type":"product","link":"https:\/\/www.greekgourmet.ch\/de\/produkte\/wein\/weinwelt\/anatolikos-mv-rot-2021-14-75cl-bio\/","title":{"rendered":"Anatolikos MV rot 2021 14% 75cl &#8211; BIO"},"content":{"rendered":"<p>Die leuchtend tiefviolette Farbe beginnt mit einer dezenten Animation, w\u00e4hrend sie beim Ausklingen ein komplexes Bouquet aus reifen roten und schwarzen Fr\u00fcchten, getrockneten Pflaumen und Feigen, Kiefernhonig, Kaffee und Kakao sowie ger\u00f6steten Mandeln freisetzt. Sanfte Tannine, ausgewogene S\u00e4ure, viel Frucht, vielschichtiger Nachhall.<\/p>\n","protected":false},"excerpt":{"rendered":"<p>Die leuchtend tiefviolette Farbe beginnt mit einer dezenten Animation, w\u00e4hrend sie beim Ausklingen ein komplexes Bouquet aus reifen roten und schwarzen Fr\u00fcchten, getrockneten Pflaumen und Feigen, Kiefernhonig, Kaffee und Kakao sowie ger\u00f6steten Mandeln freisetzt. Sanfte Tannine, ausgewogene S\u00e4ure, viel Frucht, vielschichtiger Nachhall.<\/p>\n","protected":false},"featured_media":138106,"template":"","meta":{"_acf_changed":false},"product_brand":[],"product_cat":[461,466,894],"product_tag":[569,568,586],"class_list":{"0":"post-147293","1":"product","2":"type-product","3":"status-publish","4":"has-post-thumbnail","6":"product_cat-weinwelt","7":"product_cat-rotwein","8":"product_cat-wein","9":"product_tag-cabernet-sauvignon","10":"product_tag-mavroudi","11":"product_tag-merlot","13":"first","14":"instock","15":"taxable","16":"shipping-taxable","17":"purchasable","18":"product-type-variable","19":"has-default-attributes"},"acf":[],"_links":{"self":[{"href":"https:\/\/www.greekgourmet.ch\/de\/wp-json\/wp\/v2\/product\/147293","targetHints":{"allow":["GET"]}}],"collection":[{"href":"https:\/\/www.greekgourmet.ch\/de\/wp-json\/wp\/v2\/product"}],"about":[{"href":"https:\/\/www.greekgourmet.ch\/de\/wp-json\/wp\/v2\/types\/product"}],"wp:featuredmedia":[{"embeddable":true,"href":"https:\/\/www.greekgourmet.ch\/de\/wp-json\/wp\/v2\/media\/138106"}],"wp:attachment":[{"href":"https:\/\/www.greekgourmet.ch\/de\/wp-json\/wp\/v2\/media?parent=147293"}],"wp:term":[{"taxonomy":"product_brand","embeddable":true,"href":"https:\/\/www.greekgourmet.ch\/de\/wp-json\/wp\/v2\/product_brand?post=147293"},{"taxonomy":"product_cat","embeddable":true,"href":"https:\/\/www.greekgourmet.ch\/de\/wp-json\/wp\/v2\/product_cat?post=147293"},{"taxonomy":"product_tag","embeddable":true,"href":"https:\/\/www.greekgourmet.ch\/de\/wp-json\/wp\/v2\/product_tag?post=147293"}],"curies":[{"name":"wp","href":"https:\/\/api.w.org\/{rel}","templated":true}]}}