{"id":147042,"date":"2025-01-21T10:06:21","date_gmt":"2025-01-21T09:06:21","guid":{"rendered":"https:\/\/www.greekgourmet.ch\/produkte\/unkategorisiert\/mythos-bier-in-aludose-50cl\/"},"modified":"2026-05-01T18:15:59","modified_gmt":"2026-05-01T16:15:59","slug":"mythos-bier-in-aludose-50cl","status":"publish","type":"product","link":"https:\/\/www.greekgourmet.ch\/de\/produkte\/bier\/mythos-bier-in-aludose-50cl\/","title":{"rendered":"Mythos Bier in Aludose 50cl"},"content":{"rendered":"<p>Hellenisches Lager Bier in Aludose.<br \/>\n&#8211;<br \/>\nReichhaltiger Schaum, hellblonde Farbe und komplexe, aber ausgepr\u00e4gte Aromen. Ausgeglichen K\u00f6rper mit fruchtigen Nuancen und Hopfennoten, mit einer leichten S\u00fc\u00dfe und Der reichhaltige, lang anhaltende Nachgeschmack macht Mythos Lagerbier sowohl angenehm als auch auffrischend.<\/p>\n","protected":false},"excerpt":{"rendered":"<p>Hellenisches Lager Bier in Aludose. &#8211; Reichhaltiger Schaum, hellblonde Farbe und komplexe, aber ausgepr\u00e4gte Aromen. Ausgeglichen K\u00f6rper mit fruchtigen Nuancen und Hopfennoten, mit einer leichten S\u00fc\u00dfe und Der reichhaltige, lang anhaltende Nachgeschmack macht Mythos Lagerbier sowohl angenehm als auch auffrischend.<\/p>\n","protected":false},"featured_media":138974,"template":"","meta":{"_acf_changed":false},"product_brand":[],"product_cat":[910],"product_tag":[],"class_list":{"0":"post-147042","1":"product","2":"type-product","3":"status-publish","4":"has-post-thumbnail","6":"product_cat-bier","8":"first","9":"instock","10":"taxable","11":"shipping-taxable","12":"purchasable","13":"product-type-variable","14":"has-default-attributes"},"acf":[],"_links":{"self":[{"href":"https:\/\/www.greekgourmet.ch\/de\/wp-json\/wp\/v2\/product\/147042","targetHints":{"allow":["GET"]}}],"collection":[{"href":"https:\/\/www.greekgourmet.ch\/de\/wp-json\/wp\/v2\/product"}],"about":[{"href":"https:\/\/www.greekgourmet.ch\/de\/wp-json\/wp\/v2\/types\/product"}],"wp:featuredmedia":[{"embeddable":true,"href":"https:\/\/www.greekgourmet.ch\/de\/wp-json\/wp\/v2\/media\/138974"}],"wp:attachment":[{"href":"https:\/\/www.greekgourmet.ch\/de\/wp-json\/wp\/v2\/media?parent=147042"}],"wp:term":[{"taxonomy":"product_brand","embeddable":true,"href":"https:\/\/www.greekgourmet.ch\/de\/wp-json\/wp\/v2\/product_brand?post=147042"},{"taxonomy":"product_cat","embeddable":true,"href":"https:\/\/www.greekgourmet.ch\/de\/wp-json\/wp\/v2\/product_cat?post=147042"},{"taxonomy":"product_tag","embeddable":true,"href":"https:\/\/www.greekgourmet.ch\/de\/wp-json\/wp\/v2\/product_tag?post=147042"}],"curies":[{"name":"wp","href":"https:\/\/api.w.org\/{rel}","templated":true}]}}