{"id":146861,"date":"2025-04-10T10:06:07","date_gmt":"2025-04-10T08:06:07","guid":{"rendered":"https:\/\/www.greekgourmet.ch\/produkte\/unkategorisiert\/anatolikos-limnio-rot-2021-13-5-75cl-bio\/"},"modified":"2026-04-17T14:06:55","modified_gmt":"2026-04-17T12:06:55","slug":"anatolikos-limnio-rot-2021-13-5-75cl-bio","status":"publish","type":"product","link":"https:\/\/www.greekgourmet.ch\/de\/produkte\/wein\/weinwelt\/anatolikos-limnio-rot-2021-13-5-75cl-bio\/","title":{"rendered":"Anatolikos Limnio rot 2021 13.5% 75cl &#8211; BIO"},"content":{"rendered":"<p>Anatolikos hat uns wieder einmal ein Weinwunder geschenkt! Der Limnio von Anatolikos Vineyards ist da und er ist einfach umwerfend!<br \/>\n Die \u00e4lteste Sorte Griechenlands hat in ihren H\u00e4nden ihr Bestes gegeben. Er wurde mit einheimischen Hefen vergoren und reifte dann 12 Monate lang in alten, gro\u00dfen Eichenf\u00e4ssern. Das Ergebnis ist ihr einzigartiger Stil: Konzentration, Finesse, Ausgewogenheit und Komplexit\u00e4t in der richtigen Dosierung.<br \/>\nEs gibt nur wenige Flaschen, und wie bei allen ihren Weinen ist zu erwarten, dass sie zu Sammlerst\u00fccken werden!<\/p>\n","protected":false},"excerpt":{"rendered":"<p>Anatolikos hat uns wieder einmal ein Weinwunder geschenkt! Der Limnio von Anatolikos Vineyards ist da und er ist einfach umwerfend! Die \u00e4lteste Sorte Griechenlands hat in ihren H\u00e4nden ihr Bestes gegeben. Er wurde mit einheimischen Hefen vergoren und reifte dann 12 Monate lang in alten, gro\u00dfen Eichenf\u00e4ssern. Das Ergebnis ist ihr einzigartiger Stil: Konzentration, Finesse,<\/p>\n","protected":false},"featured_media":146863,"template":"","meta":{"_acf_changed":false},"product_brand":[],"product_cat":[461,894,466],"product_tag":[595],"class_list":{"0":"post-146861","1":"product","2":"type-product","3":"status-publish","4":"has-post-thumbnail","6":"product_cat-weinwelt","7":"product_cat-wein","8":"product_cat-rotwein","9":"product_tag-limnio","11":"first","12":"instock","13":"taxable","14":"shipping-taxable","15":"purchasable","16":"product-type-variable","17":"has-default-attributes"},"acf":[],"_links":{"self":[{"href":"https:\/\/www.greekgourmet.ch\/de\/wp-json\/wp\/v2\/product\/146861","targetHints":{"allow":["GET"]}}],"collection":[{"href":"https:\/\/www.greekgourmet.ch\/de\/wp-json\/wp\/v2\/product"}],"about":[{"href":"https:\/\/www.greekgourmet.ch\/de\/wp-json\/wp\/v2\/types\/product"}],"wp:featuredmedia":[{"embeddable":true,"href":"https:\/\/www.greekgourmet.ch\/de\/wp-json\/wp\/v2\/media\/146863"}],"wp:attachment":[{"href":"https:\/\/www.greekgourmet.ch\/de\/wp-json\/wp\/v2\/media?parent=146861"}],"wp:term":[{"taxonomy":"product_brand","embeddable":true,"href":"https:\/\/www.greekgourmet.ch\/de\/wp-json\/wp\/v2\/product_brand?post=146861"},{"taxonomy":"product_cat","embeddable":true,"href":"https:\/\/www.greekgourmet.ch\/de\/wp-json\/wp\/v2\/product_cat?post=146861"},{"taxonomy":"product_tag","embeddable":true,"href":"https:\/\/www.greekgourmet.ch\/de\/wp-json\/wp\/v2\/product_tag?post=146861"}],"curies":[{"name":"wp","href":"https:\/\/api.w.org\/{rel}","templated":true}]}}