{"id":146727,"date":"2024-11-06T10:06:29","date_gmt":"2024-11-06T09:06:29","guid":{"rendered":"https:\/\/www.greekgourmet.ch\/produkte\/unkategorisiert\/moropoulos-moschofilero-rose-2023-13-75cl\/"},"modified":"2026-04-13T18:06:35","modified_gmt":"2026-04-13T16:06:35","slug":"moropoulos-moschofilero-rose-2023-13-75cl","status":"publish","type":"product","link":"https:\/\/www.greekgourmet.ch\/de\/produkte\/wein\/weinwelt\/moropoulos-moschofilero-rose-2023-13-75cl\/","title":{"rendered":"Moropoulos Moschofilero ros\u00e9 2023 13% 75cl"},"content":{"rendered":"<p>Hohe aromatische Intensit\u00e4t mit einem Strau\u00df tropischer Fr\u00fcchte und Noten von Blumen und Zitrusfr\u00fcchten.<br \/>\nReiches, fruchtiges Aroma mit langem Nachgeschmack.<\/p>\n","protected":false},"excerpt":{"rendered":"<p>Hohe aromatische Intensit\u00e4t mit einem Strau\u00df tropischer Fr\u00fcchte und Noten von Blumen und Zitrusfr\u00fcchten. Reiches, fruchtiges Aroma mit langem Nachgeschmack.<\/p>\n","protected":false},"featured_media":138970,"template":"","meta":{"_acf_changed":false},"product_brand":[],"product_cat":[461,894,896],"product_tag":[592],"class_list":{"0":"post-146727","1":"product","2":"type-product","3":"status-publish","4":"has-post-thumbnail","6":"product_cat-weinwelt","7":"product_cat-wein","8":"product_cat-rosewein","9":"product_tag-moschofilero","11":"first","12":"instock","13":"taxable","14":"shipping-taxable","15":"purchasable","16":"product-type-variable","17":"has-default-attributes"},"acf":[],"_links":{"self":[{"href":"https:\/\/www.greekgourmet.ch\/de\/wp-json\/wp\/v2\/product\/146727","targetHints":{"allow":["GET"]}}],"collection":[{"href":"https:\/\/www.greekgourmet.ch\/de\/wp-json\/wp\/v2\/product"}],"about":[{"href":"https:\/\/www.greekgourmet.ch\/de\/wp-json\/wp\/v2\/types\/product"}],"wp:featuredmedia":[{"embeddable":true,"href":"https:\/\/www.greekgourmet.ch\/de\/wp-json\/wp\/v2\/media\/138970"}],"wp:attachment":[{"href":"https:\/\/www.greekgourmet.ch\/de\/wp-json\/wp\/v2\/media?parent=146727"}],"wp:term":[{"taxonomy":"product_brand","embeddable":true,"href":"https:\/\/www.greekgourmet.ch\/de\/wp-json\/wp\/v2\/product_brand?post=146727"},{"taxonomy":"product_cat","embeddable":true,"href":"https:\/\/www.greekgourmet.ch\/de\/wp-json\/wp\/v2\/product_cat?post=146727"},{"taxonomy":"product_tag","embeddable":true,"href":"https:\/\/www.greekgourmet.ch\/de\/wp-json\/wp\/v2\/product_tag?post=146727"}],"curies":[{"name":"wp","href":"https:\/\/api.w.org\/{rel}","templated":true}]}}