{"id":146492,"date":"2025-01-27T00:06:23","date_gmt":"2025-01-26T23:06:23","guid":{"rendered":"https:\/\/www.greekgourmet.ch\/produkte\/unkategorisiert\/lazaridi-aceto-botanico-1-year-2l\/"},"modified":"2026-04-22T14:16:11","modified_gmt":"2026-04-22T12:16:11","slug":"lazaridi-aceto-botanico-1-year-2l","status":"publish","type":"product","link":"https:\/\/www.greekgourmet.ch\/de\/produkte\/oel-balsamico\/lazaridi-aceto-botanico-1-year-2l\/","title":{"rendered":"Lazaridi Aceto Botanico 1 Year 2l"},"content":{"rendered":"<p>Der Aceto Botanico Essig wird aus ausgew\u00e4hlten Trauben hergestellt und altert 1 Jahr in besonders zusammengestellten kleinen F\u00e4ssern aus Holz. W\u00e4hrend der Sommermonate reift er und dickt ein, w\u00e4hrend er im Winter ruht und sich kl\u00e4rt. Das schrittweise Durchlaufen dieses Reifeprozesse in jedem Fass gibt dem Essig die spezielle Eigenschaften, die es erm\u00f6glichen, den Geschmack jedes Gerichts &#8211; sei es einfach oder kompliziert &#8211; zu intensivieren und zu vervollkommnen.<\/p>\n","protected":false},"excerpt":{"rendered":"<p>Der Aceto Botanico Essig wird aus ausgew\u00e4hlten Trauben hergestellt und altert 1 Jahr in besonders zusammengestellten kleinen F\u00e4ssern aus Holz. W\u00e4hrend der Sommermonate reift er und dickt ein, w\u00e4hrend er im Winter ruht und sich kl\u00e4rt. Das schrittweise Durchlaufen dieses Reifeprozesse in jedem Fass gibt dem Essig die spezielle Eigenschaften, die es erm\u00f6glichen, den Geschmack<\/p>\n","protected":false},"featured_media":138674,"template":"","meta":{"_acf_changed":false},"product_brand":[],"product_cat":[911],"product_tag":[],"class_list":{"0":"post-146492","1":"product","2":"type-product","3":"status-publish","4":"has-post-thumbnail","6":"product_cat-oel-balsamico","8":"first","9":"instock","10":"taxable","11":"shipping-taxable","12":"purchasable","13":"product-type-variable","14":"has-default-attributes"},"acf":[],"_links":{"self":[{"href":"https:\/\/www.greekgourmet.ch\/de\/wp-json\/wp\/v2\/product\/146492","targetHints":{"allow":["GET"]}}],"collection":[{"href":"https:\/\/www.greekgourmet.ch\/de\/wp-json\/wp\/v2\/product"}],"about":[{"href":"https:\/\/www.greekgourmet.ch\/de\/wp-json\/wp\/v2\/types\/product"}],"wp:featuredmedia":[{"embeddable":true,"href":"https:\/\/www.greekgourmet.ch\/de\/wp-json\/wp\/v2\/media\/138674"}],"wp:attachment":[{"href":"https:\/\/www.greekgourmet.ch\/de\/wp-json\/wp\/v2\/media?parent=146492"}],"wp:term":[{"taxonomy":"product_brand","embeddable":true,"href":"https:\/\/www.greekgourmet.ch\/de\/wp-json\/wp\/v2\/product_brand?post=146492"},{"taxonomy":"product_cat","embeddable":true,"href":"https:\/\/www.greekgourmet.ch\/de\/wp-json\/wp\/v2\/product_cat?post=146492"},{"taxonomy":"product_tag","embeddable":true,"href":"https:\/\/www.greekgourmet.ch\/de\/wp-json\/wp\/v2\/product_tag?post=146492"}],"curies":[{"name":"wp","href":"https:\/\/api.w.org\/{rel}","templated":true}]}}