{"id":146239,"date":"2025-09-26T08:06:15","date_gmt":"2025-09-26T06:06:15","guid":{"rendered":"https:\/\/www.greekgourmet.ch\/produkte\/unkategorisiert\/dodoni-feta-2kg-im-saft\/"},"modified":"2026-04-24T22:15:57","modified_gmt":"2026-04-24T20:15:57","slug":"dodoni-feta-2kg-im-saft","status":"publish","type":"product","link":"https:\/\/www.greekgourmet.ch\/de\/produkte\/gekuehltes\/kaese\/dodoni-feta-2kg-im-saft\/","title":{"rendered":"Dodoni Feta 2kg im Saft"},"content":{"rendered":"<p>Der gesamte Geschmack von Epirus ist in einem einzigen Namen enthalten: DODONI Feta.<\/p>\n<p>DODONI Feta, ein Produkt der gesch\u00fctzten Ursprungsbezeichnung (P.D.O.), wird ausschlie\u00dflich aus 100% griechischer, pasteurisierter Schafs- und Ziegenmilch hergestellt und ist weltweit f\u00fcr seine hohe und gleichbleibende Qualit\u00e4t anerkannt und ausgezeichnet.<\/p>\n<p>Der Geschmack wird jeden Tag mit einem festen Platz an Ihrem Tisch ausgezeichnet!<\/p>\n<p>Sie finden den authentischen DODONI Feta in loser Sch\u00fcttung in gro\u00dfen Metallbeh\u00e4ltern, in Kunststoffbeh\u00e4ltern in Salzlake, in Vakuumverpackungen oder in W\u00fcrfeln mit Oliven\u00f6l und Oregano.<\/p>\n<p>Genie\u00dfen Sie es mit Oliven\u00f6l und Oregano oder probieren Sie es in Salaten, Kuchen, Omeletts, Souffl\u00e9s, machen Sie es zu \u201eSaganaki\u201c oder lassen Sie sich inspirieren, was immer Sie m\u00f6chten!<\/p>\n","protected":false},"excerpt":{"rendered":"<p>Der gesamte Geschmack von Epirus ist in einem einzigen Namen enthalten: DODONI Feta. DODONI Feta, ein Produkt der gesch\u00fctzten Ursprungsbezeichnung (P.D.O.), wird ausschlie\u00dflich aus 100% griechischer, pasteurisierter Schafs- und Ziegenmilch hergestellt und ist weltweit f\u00fcr seine hohe und gleichbleibende Qualit\u00e4t anerkannt und ausgezeichnet. Der Geschmack wird jeden Tag mit einem festen Platz an Ihrem Tisch<\/p>\n","protected":false},"featured_media":146299,"template":"","meta":{"_acf_changed":false},"product_brand":[],"product_cat":[913,915],"product_tag":[],"class_list":{"0":"post-146239","1":"product","2":"type-product","3":"status-publish","4":"has-post-thumbnail","6":"product_cat-gekuehltes","7":"product_cat-kaese","9":"first","10":"instock","11":"taxable","12":"shipping-taxable","13":"purchasable","14":"product-type-variable","15":"has-default-attributes"},"acf":[],"_links":{"self":[{"href":"https:\/\/www.greekgourmet.ch\/de\/wp-json\/wp\/v2\/product\/146239","targetHints":{"allow":["GET"]}}],"collection":[{"href":"https:\/\/www.greekgourmet.ch\/de\/wp-json\/wp\/v2\/product"}],"about":[{"href":"https:\/\/www.greekgourmet.ch\/de\/wp-json\/wp\/v2\/types\/product"}],"wp:featuredmedia":[{"embeddable":true,"href":"https:\/\/www.greekgourmet.ch\/de\/wp-json\/wp\/v2\/media\/146299"}],"wp:attachment":[{"href":"https:\/\/www.greekgourmet.ch\/de\/wp-json\/wp\/v2\/media?parent=146239"}],"wp:term":[{"taxonomy":"product_brand","embeddable":true,"href":"https:\/\/www.greekgourmet.ch\/de\/wp-json\/wp\/v2\/product_brand?post=146239"},{"taxonomy":"product_cat","embeddable":true,"href":"https:\/\/www.greekgourmet.ch\/de\/wp-json\/wp\/v2\/product_cat?post=146239"},{"taxonomy":"product_tag","embeddable":true,"href":"https:\/\/www.greekgourmet.ch\/de\/wp-json\/wp\/v2\/product_tag?post=146239"}],"curies":[{"name":"wp","href":"https:\/\/api.w.org\/{rel}","templated":true}]}}