{"id":146222,"date":"2026-05-13T14:06:14","date_gmt":"2026-05-13T12:06:14","guid":{"rendered":"https:\/\/www.greekgourmet.ch\/produkte\/unkategorisiert\/cavino-ouzo10-37-5-2l\/"},"modified":"2026-05-15T14:15:58","modified_gmt":"2026-05-15T12:15:58","slug":"cavino-ouzo10-37-5-2l","status":"publish","type":"product","link":"https:\/\/www.greekgourmet.ch\/de\/produkte\/ouzo-co\/ouzo\/cavino-ouzo10-37-5-2l\/","title":{"rendered":"Cavino Ouzo10 37.5% 2l"},"content":{"rendered":"<p>Ber\u00fchmte traditionelle griechische Spirituose mit Anisgeschmack, die unter Zusatz verschiedener Kr\u00e4uter hergestellt wird. Frische Aromen von Anis und Kr\u00e4utern; Leicht bis mittelkr\u00e4ftig, recht frisch, endet er mit sauberen, leicht s\u00fc\u00dflichen Anisaromen.<\/p>\n","protected":false},"excerpt":{"rendered":"<p>Ber\u00fchmte traditionelle griechische Spirituose mit Anisgeschmack, die unter Zusatz verschiedener Kr\u00e4uter hergestellt wird. Frische Aromen von Anis und Kr\u00e4utern; Leicht bis mittelkr\u00e4ftig, recht frisch, endet er mit sauberen, leicht s\u00fc\u00dflichen Anisaromen.<\/p>\n","protected":false},"featured_media":146238,"template":"","meta":{"_acf_changed":false},"product_brand":[],"product_cat":[905,901],"product_tag":[],"class_list":{"0":"post-146222","1":"product","2":"type-product","3":"status-publish","4":"has-post-thumbnail","6":"product_cat-ouzo","7":"product_cat-ouzo-co","9":"first","10":"instock","11":"taxable","12":"shipping-taxable","13":"purchasable","14":"product-type-variable","15":"has-default-attributes"},"acf":[],"_links":{"self":[{"href":"https:\/\/www.greekgourmet.ch\/de\/wp-json\/wp\/v2\/product\/146222","targetHints":{"allow":["GET"]}}],"collection":[{"href":"https:\/\/www.greekgourmet.ch\/de\/wp-json\/wp\/v2\/product"}],"about":[{"href":"https:\/\/www.greekgourmet.ch\/de\/wp-json\/wp\/v2\/types\/product"}],"wp:featuredmedia":[{"embeddable":true,"href":"https:\/\/www.greekgourmet.ch\/de\/wp-json\/wp\/v2\/media\/146238"}],"wp:attachment":[{"href":"https:\/\/www.greekgourmet.ch\/de\/wp-json\/wp\/v2\/media?parent=146222"}],"wp:term":[{"taxonomy":"product_brand","embeddable":true,"href":"https:\/\/www.greekgourmet.ch\/de\/wp-json\/wp\/v2\/product_brand?post=146222"},{"taxonomy":"product_cat","embeddable":true,"href":"https:\/\/www.greekgourmet.ch\/de\/wp-json\/wp\/v2\/product_cat?post=146222"},{"taxonomy":"product_tag","embeddable":true,"href":"https:\/\/www.greekgourmet.ch\/de\/wp-json\/wp\/v2\/product_tag?post=146222"}],"curies":[{"name":"wp","href":"https:\/\/api.w.org\/{rel}","templated":true}]}}