{"id":146081,"date":"2024-10-08T12:06:10","date_gmt":"2024-10-08T10:06:10","guid":{"rendered":"https:\/\/www.greekgourmet.ch\/produkte\/unkategorisiert\/dodoni-feta-1kg-im-saft\/"},"modified":"2026-04-24T22:15:57","modified_gmt":"2026-04-24T20:15:57","slug":"dodoni-feta-1kg-im-saft","status":"publish","type":"product","link":"https:\/\/www.greekgourmet.ch\/de\/produkte\/gekuehltes\/kaese\/dodoni-feta-1kg-im-saft\/","title":{"rendered":"Dodoni Feta 1kg im Saft"},"content":{"rendered":"<p>Der authentische DODONI-Feta ist in praktischen Kunststoffbeh\u00e4ltern erh\u00e4ltlich, die den K\u00e4se in seiner nat\u00fcrlichen Salzl\u00f6sung halten und f\u00fcr Frische und l\u00e4ngere Haltbarkeit sorgen.<br \/>\nFinden Sie DODONI Feta in Plastikbeh\u00e4ltern mit Salzl\u00f6sung.<\/p>\n","protected":false},"excerpt":{"rendered":"<p>Der authentische DODONI-Feta ist in praktischen Kunststoffbeh\u00e4ltern erh\u00e4ltlich, die den K\u00e4se in seiner nat\u00fcrlichen Salzl\u00f6sung halten und f\u00fcr Frische und l\u00e4ngere Haltbarkeit sorgen. Finden Sie DODONI Feta in Plastikbeh\u00e4ltern mit Salzl\u00f6sung.<\/p>\n","protected":false},"featured_media":138314,"template":"","meta":{"_acf_changed":false},"product_brand":[],"product_cat":[913,915],"product_tag":[],"class_list":{"0":"post-146081","1":"product","2":"type-product","3":"status-publish","4":"has-post-thumbnail","6":"product_cat-gekuehltes","7":"product_cat-kaese","9":"first","10":"instock","11":"taxable","12":"shipping-taxable","13":"purchasable","14":"product-type-variable","15":"has-default-attributes"},"acf":[],"_links":{"self":[{"href":"https:\/\/www.greekgourmet.ch\/de\/wp-json\/wp\/v2\/product\/146081","targetHints":{"allow":["GET"]}}],"collection":[{"href":"https:\/\/www.greekgourmet.ch\/de\/wp-json\/wp\/v2\/product"}],"about":[{"href":"https:\/\/www.greekgourmet.ch\/de\/wp-json\/wp\/v2\/types\/product"}],"wp:featuredmedia":[{"embeddable":true,"href":"https:\/\/www.greekgourmet.ch\/de\/wp-json\/wp\/v2\/media\/138314"}],"wp:attachment":[{"href":"https:\/\/www.greekgourmet.ch\/de\/wp-json\/wp\/v2\/media?parent=146081"}],"wp:term":[{"taxonomy":"product_brand","embeddable":true,"href":"https:\/\/www.greekgourmet.ch\/de\/wp-json\/wp\/v2\/product_brand?post=146081"},{"taxonomy":"product_cat","embeddable":true,"href":"https:\/\/www.greekgourmet.ch\/de\/wp-json\/wp\/v2\/product_cat?post=146081"},{"taxonomy":"product_tag","embeddable":true,"href":"https:\/\/www.greekgourmet.ch\/de\/wp-json\/wp\/v2\/product_tag?post=146081"}],"curies":[{"name":"wp","href":"https:\/\/api.w.org\/{rel}","templated":true}]}}