{"id":145838,"date":"2024-07-08T14:06:20","date_gmt":"2024-07-08T12:06:20","guid":{"rendered":"https:\/\/www.greekgourmet.ch\/produkte\/unkategorisiert\/metsovone-kaese-aus-metsovo-1-5kg\/"},"modified":"2026-04-24T22:16:02","modified_gmt":"2026-04-24T20:16:02","slug":"metsovone-kaese-aus-metsovo-1-5kg","status":"publish","type":"product","link":"https:\/\/www.greekgourmet.ch\/de\/produkte\/gekuehltes\/kaese\/metsovone-kaese-aus-metsovo-1-5kg\/","title":{"rendered":"Metsovone K\u00e4se aus Metsovo 1.5kg"},"content":{"rendered":"<p>Metsovone ist ein halbhart ger\u00e4ucherter Pasta-Filata-K\u00e4se, der in der Region Metsovo (Epirus, Griechenland) hergestellt wird. Es war eine Idee von Evangelos Averoff, die mit Mitteln der Familie Tositsas unterst\u00fctzt wurde (siehe Michael Tositsas), und ein K\u00e4se, der dem italienischen Provolone-K\u00e4se \u00e4hnelt, einem gereiften (gestreckten) Quarkk\u00e4se mit Ursprung in Casilli in der N\u00e4he des Vesuvs.<br \/>\n&#8212;<br \/>\nEr ist seit 1996 eine europ\u00e4ische gesch\u00fctzte Ursprungsbezeichnung (d.h. er kann nur in Griechenland hergestellt werden und es gibt keine Metsovone-K\u00e4sealternative) und wird aus Kuhmilch oder einer Mischung aus Kuh-, Schaf- oder Ziegenmilch hergestellt.<br \/>\n&#8212;<br \/>\nDieser ber\u00fchmte K\u00e4se wird haupts\u00e4chlich in der K\u00e4serei Tositsa in Metsovo hergestellt, die 1958 in Betrieb genommen wurde. Die Vision von Evangelos Averoff war nicht nur, Arbeitspl\u00e4tze f\u00fcr die Menschen in Metsovo zu schaffen. Er wollte eine K\u00e4sereischule f\u00fcr junge Leute der Region gr\u00fcnden, um ihnen bei der Herstellung ihrer K\u00e4semanufakturen zu helfen. Um dies zu erreichen, schickte Averoff junge Viehz\u00fcchter nach Italien, um die Geheimnisse der K\u00e4seherstellung zu lernen. Dieses Verfahren brachte den Metsovone-K\u00e4se sowie Metsovella (in der N\u00e4he von Pastorella) und Rezzana (in der N\u00e4he von Parmesana) hervor.<\/p>\n","protected":false},"excerpt":{"rendered":"<p>Metsovone ist ein halbhart ger\u00e4ucherter Pasta-Filata-K\u00e4se, der in der Region Metsovo (Epirus, Griechenland) hergestellt wird. Es war eine Idee von Evangelos Averoff, die mit Mitteln der Familie Tositsas unterst\u00fctzt wurde (siehe Michael Tositsas), und ein K\u00e4se, der dem italienischen Provolone-K\u00e4se \u00e4hnelt, einem gereiften (gestreckten) Quarkk\u00e4se mit Ursprung in Casilli in der N\u00e4he des Vesuvs. &#8212;<\/p>\n","protected":false},"featured_media":138952,"template":"","meta":{"_acf_changed":false},"product_brand":[],"product_cat":[913,915],"product_tag":[],"class_list":{"0":"post-145838","1":"product","2":"type-product","3":"status-publish","4":"has-post-thumbnail","6":"product_cat-gekuehltes","7":"product_cat-kaese","9":"first","10":"instock","11":"taxable","12":"shipping-taxable","13":"purchasable","14":"product-type-variable","15":"has-default-attributes"},"acf":[],"_links":{"self":[{"href":"https:\/\/www.greekgourmet.ch\/de\/wp-json\/wp\/v2\/product\/145838","targetHints":{"allow":["GET"]}}],"collection":[{"href":"https:\/\/www.greekgourmet.ch\/de\/wp-json\/wp\/v2\/product"}],"about":[{"href":"https:\/\/www.greekgourmet.ch\/de\/wp-json\/wp\/v2\/types\/product"}],"wp:featuredmedia":[{"embeddable":true,"href":"https:\/\/www.greekgourmet.ch\/de\/wp-json\/wp\/v2\/media\/138952"}],"wp:attachment":[{"href":"https:\/\/www.greekgourmet.ch\/de\/wp-json\/wp\/v2\/media?parent=145838"}],"wp:term":[{"taxonomy":"product_brand","embeddable":true,"href":"https:\/\/www.greekgourmet.ch\/de\/wp-json\/wp\/v2\/product_brand?post=145838"},{"taxonomy":"product_cat","embeddable":true,"href":"https:\/\/www.greekgourmet.ch\/de\/wp-json\/wp\/v2\/product_cat?post=145838"},{"taxonomy":"product_tag","embeddable":true,"href":"https:\/\/www.greekgourmet.ch\/de\/wp-json\/wp\/v2\/product_tag?post=145838"}],"curies":[{"name":"wp","href":"https:\/\/api.w.org\/{rel}","templated":true}]}}