{"id":145572,"date":"2024-07-19T10:06:21","date_gmt":"2024-07-19T08:06:21","guid":{"rendered":"https:\/\/www.greekgourmet.ch\/produkte\/unkategorisiert\/gia-gia-mas-lemon-1000ml\/"},"modified":"2026-04-21T12:16:00","modified_gmt":"2026-04-21T10:16:00","slug":"gia-gia-mas-lemon-1000ml","status":"publish","type":"product","link":"https:\/\/www.greekgourmet.ch\/de\/produkte\/non-alcoholic\/gia-gia-mas-lemon-1000ml\/","title":{"rendered":"Gia..gia mas Lemon 1000ml"},"content":{"rendered":"<p>Produkt aus dem Zerkleinern frischer griechischer Zitronen ohne chemische Zus\u00e4tze und Farbstoffe, das sich perfekt als Saft oder als Erfrischungsgetr\u00e4nk zubereiten und servieren l\u00e4sst.<\/p>\n","protected":false},"excerpt":{"rendered":"<p>Produkt aus dem Zerkleinern frischer griechischer Zitronen ohne chemische Zus\u00e4tze und Farbstoffe, das sich perfekt als Saft oder als Erfrischungsgetr\u00e4nk zubereiten und servieren l\u00e4sst.<\/p>\n","protected":false},"featured_media":138470,"template":"","meta":{"_acf_changed":false},"product_brand":[],"product_cat":[88],"product_tag":[],"class_list":{"0":"post-145572","1":"product","2":"type-product","3":"status-publish","4":"has-post-thumbnail","6":"product_cat-non-alcoholic","8":"first","9":"instock","10":"taxable","11":"shipping-taxable","12":"purchasable","13":"product-type-variable","14":"has-default-attributes"},"acf":[],"_links":{"self":[{"href":"https:\/\/www.greekgourmet.ch\/de\/wp-json\/wp\/v2\/product\/145572","targetHints":{"allow":["GET"]}}],"collection":[{"href":"https:\/\/www.greekgourmet.ch\/de\/wp-json\/wp\/v2\/product"}],"about":[{"href":"https:\/\/www.greekgourmet.ch\/de\/wp-json\/wp\/v2\/types\/product"}],"wp:featuredmedia":[{"embeddable":true,"href":"https:\/\/www.greekgourmet.ch\/de\/wp-json\/wp\/v2\/media\/138470"}],"wp:attachment":[{"href":"https:\/\/www.greekgourmet.ch\/de\/wp-json\/wp\/v2\/media?parent=145572"}],"wp:term":[{"taxonomy":"product_brand","embeddable":true,"href":"https:\/\/www.greekgourmet.ch\/de\/wp-json\/wp\/v2\/product_brand?post=145572"},{"taxonomy":"product_cat","embeddable":true,"href":"https:\/\/www.greekgourmet.ch\/de\/wp-json\/wp\/v2\/product_cat?post=145572"},{"taxonomy":"product_tag","embeddable":true,"href":"https:\/\/www.greekgourmet.ch\/de\/wp-json\/wp\/v2\/product_tag?post=145572"}],"curies":[{"name":"wp","href":"https:\/\/api.w.org\/{rel}","templated":true}]}}