{"id":145514,"date":"2026-03-27T10:06:15","date_gmt":"2026-03-27T09:06:15","guid":{"rendered":"https:\/\/www.greekgourmet.ch\/produkte\/unkategorisiert\/avantis-lenga-2022-weiss-75cl\/"},"modified":"2026-05-15T16:15:57","modified_gmt":"2026-05-15T14:15:57","slug":"avantis-lenga-2022-weiss-75cl","status":"publish","type":"product","link":"https:\/\/www.greekgourmet.ch\/de\/produkte\/wein\/weinwelt\/avantis-lenga-2022-weiss-75cl\/","title":{"rendered":"Avantis Lenga 2022 weiss 75cl"},"content":{"rendered":"<p>Die vinifizierung einer Sorte, deren Alter Ego im Elsass w\u00e4chst, kann ein risikovolles Gesch\u00e4ft sein. \u201eLenga&#8221; beweist jedoch, dass Ausdauer und Geduld die beste Auszeichnung verdienen. Die Aklimatisierung der Gew\u00fcrztraminer-Sorte Euboea war spektakul\u00e4r und hat uns das beeindruckendste Ergebnis gegeben. Reiches Volumen und bemerkenswerte Eigenschaften f\u00fcr den Wein, der nicht die Wirkung der Eiche erhalten hat. Es ist der Wein Apostolos Mountrichas, der seiner Frau Lenga gewidmet ist.<\/p>\n","protected":false},"excerpt":{"rendered":"<p>Die vinifizierung einer Sorte, deren Alter Ego im Elsass w\u00e4chst, kann ein risikovolles Gesch\u00e4ft sein. \u201eLenga&#8221; beweist jedoch, dass Ausdauer und Geduld die beste Auszeichnung verdienen. Die Aklimatisierung der Gew\u00fcrztraminer-Sorte Euboea war spektakul\u00e4r und hat uns das beeindruckendste Ergebnis gegeben. Reiches Volumen und bemerkenswerte Eigenschaften f\u00fcr den Wein, der nicht die Wirkung der Eiche erhalten<\/p>\n","protected":false},"featured_media":138134,"template":"","meta":{"_acf_changed":false},"product_brand":[],"product_cat":[461,894,895],"product_tag":[573],"class_list":{"0":"post-145514","1":"product","2":"type-product","3":"status-publish","4":"has-post-thumbnail","6":"product_cat-weinwelt","7":"product_cat-wein","8":"product_cat-weisswein","9":"product_tag-gewuerztraminer","11":"first","12":"instock","13":"taxable","14":"shipping-taxable","15":"purchasable","16":"product-type-variable","17":"has-default-attributes"},"acf":[],"_links":{"self":[{"href":"https:\/\/www.greekgourmet.ch\/de\/wp-json\/wp\/v2\/product\/145514","targetHints":{"allow":["GET"]}}],"collection":[{"href":"https:\/\/www.greekgourmet.ch\/de\/wp-json\/wp\/v2\/product"}],"about":[{"href":"https:\/\/www.greekgourmet.ch\/de\/wp-json\/wp\/v2\/types\/product"}],"wp:featuredmedia":[{"embeddable":true,"href":"https:\/\/www.greekgourmet.ch\/de\/wp-json\/wp\/v2\/media\/138134"}],"wp:attachment":[{"href":"https:\/\/www.greekgourmet.ch\/de\/wp-json\/wp\/v2\/media?parent=145514"}],"wp:term":[{"taxonomy":"product_brand","embeddable":true,"href":"https:\/\/www.greekgourmet.ch\/de\/wp-json\/wp\/v2\/product_brand?post=145514"},{"taxonomy":"product_cat","embeddable":true,"href":"https:\/\/www.greekgourmet.ch\/de\/wp-json\/wp\/v2\/product_cat?post=145514"},{"taxonomy":"product_tag","embeddable":true,"href":"https:\/\/www.greekgourmet.ch\/de\/wp-json\/wp\/v2\/product_tag?post=145514"}],"curies":[{"name":"wp","href":"https:\/\/api.w.org\/{rel}","templated":true}]}}