{"id":145397,"date":"2026-04-20T02:06:18","date_gmt":"2026-04-20T00:06:18","guid":{"rendered":"https:\/\/www.greekgourmet.ch\/produkte\/unkategorisiert\/eva-grenade-pomegranate-liqueur-50cl\/"},"modified":"2026-04-20T02:16:21","modified_gmt":"2026-04-20T00:16:21","slug":"mataroa-mediterranean-dry-gin-70cl","status":"publish","type":"product","link":"https:\/\/www.greekgourmet.ch\/de\/produkte\/ouzo-co\/weiteres\/mataroa-mediterranean-dry-gin-70cl\/","title":{"rendered":"MATAROA Mediterranean Dry Gin 70cl"},"content":{"rendered":"<p>Eleganter aromatischer Mastix-Spirituosenlik\u00f6r mit einem s\u00fc\u00dfen und erfrischenden Nachgeschmack.<\/p>\n","protected":false},"excerpt":{"rendered":"<p>Eleganter aromatischer Mastix-Spirituosenlik\u00f6r mit einem s\u00fc\u00dfen und erfrischenden Nachgeschmack.<\/p>\n","protected":false},"featured_media":138380,"template":"","meta":{"_acf_changed":false},"product_brand":[],"product_cat":[901,909],"product_tag":[],"class_list":{"0":"post-145397","1":"product","2":"type-product","3":"status-publish","4":"has-post-thumbnail","6":"product_cat-ouzo-co","7":"product_cat-weiteres","9":"first","10":"instock","11":"taxable","12":"shipping-taxable","13":"purchasable","14":"product-type-variable","15":"has-default-attributes"},"acf":[],"_links":{"self":[{"href":"https:\/\/www.greekgourmet.ch\/de\/wp-json\/wp\/v2\/product\/145397","targetHints":{"allow":["GET"]}}],"collection":[{"href":"https:\/\/www.greekgourmet.ch\/de\/wp-json\/wp\/v2\/product"}],"about":[{"href":"https:\/\/www.greekgourmet.ch\/de\/wp-json\/wp\/v2\/types\/product"}],"wp:featuredmedia":[{"embeddable":true,"href":"https:\/\/www.greekgourmet.ch\/de\/wp-json\/wp\/v2\/media\/138380"}],"wp:attachment":[{"href":"https:\/\/www.greekgourmet.ch\/de\/wp-json\/wp\/v2\/media?parent=145397"}],"wp:term":[{"taxonomy":"product_brand","embeddable":true,"href":"https:\/\/www.greekgourmet.ch\/de\/wp-json\/wp\/v2\/product_brand?post=145397"},{"taxonomy":"product_cat","embeddable":true,"href":"https:\/\/www.greekgourmet.ch\/de\/wp-json\/wp\/v2\/product_cat?post=145397"},{"taxonomy":"product_tag","embeddable":true,"href":"https:\/\/www.greekgourmet.ch\/de\/wp-json\/wp\/v2\/product_tag?post=145397"}],"curies":[{"name":"wp","href":"https:\/\/api.w.org\/{rel}","templated":true}]}}